{"id":111,"date":"2020-01-12T20:15:38","date_gmt":"2020-01-12T19:15:38","guid":{"rendered":"http:\/\/paroisseaumalebraypicardie.fr\/?page_id=111"},"modified":"2020-06-11T14:59:55","modified_gmt":"2020-06-11T12:59:55","slug":"preparation-aux-sacrements","status":"publish","type":"page","link":"https:\/\/paroisseaumalebraypicardie.fr\/index.php\/horaires-messes-aumale\/preparation-aux-sacrements\/","title":{"rendered":"Pr\u00e9paration aux sacrements"},"content":{"rendered":"\n<h3 class=\"has-vivid-cyan-blue-color has-text-color wp-block-heading\">Le Bapt\u00eame<\/h3>\n\n\n\n<h5 class=\"wp-block-heading\"><span style=\"text-decoration: underline;\">Les touts petits<\/span><\/h5>\n\n\n\n<p>Une rencontre de pr\u00e9paration le dernier vendredi du mois qui pr\u00e9c\u00e8de le bapt\u00eame<br> <em>Animation&nbsp;: abb\u00e9 Jean-Jean-Claude Varin  <\/em><br> <\/p>\n\n\n\n<h5 class=\"wp-block-heading\"><span style=\"text-decoration: underline;\">Les enfants de 4 \u00e0 8 ans<\/span><\/h5>\n\n\n\n<p>Participation \u00e0 l\u2019\u00e9veil \u00e0 la foi. <em>Pr\u00e9paration avec l\u2019abb\u00e9 Jean-Claude Varin<\/em><\/p>\n\n\n\n<h5 class=\"wp-block-heading\"><span style=\"text-decoration: underline;\">Les enfants au cat\u00e9chisme et les adolescents<\/span><\/h5>\n\n\n\n<p>G\u00e9n\u00e9ralement c\u00e9l\u00e9br\u00e9s \u00e0 la Veill\u00e9e Pascale.<br> Une pr\u00e9paration au bapt\u00eame \u00e0 partir de la messe des familles du mois de novembre<br> (1 e \u00e9tape). Une autre \u00e9tape v\u00e9cue le mercredi des cendres (remise de l\u2019aube<br> violette). Autres \u00e9tapes en fonction des disponibilit\u00e9s.<br> <em>Pr\u00e9paration avec l\u2019abb\u00e9 Jean-Claude Varin (enfants) ou Sr Eulalie<br> (adolescents).<\/em><\/p>\n\n\n\n<figure class=\"wp-block-image size-medium\"><img loading=\"lazy\" decoding=\"async\" width=\"240\" height=\"300\" src=\"https:\/\/i0.wp.com\/paroisseaumalebraypicardie.fr\/wp-content\/uploads\/2020\/01\/527E8CBD-D9EF-4251-BF0A-A98A021C39C1_1_105_c.jpeg?resize=240%2C300\" alt=\"\" class=\"wp-image-332\" srcset=\"https:\/\/i0.wp.com\/paroisseaumalebraypicardie.fr\/wp-content\/uploads\/2020\/01\/527E8CBD-D9EF-4251-BF0A-A98A021C39C1_1_105_c.jpeg?resize=240%2C300&amp;ssl=1 240w, https:\/\/i0.wp.com\/paroisseaumalebraypicardie.fr\/wp-content\/uploads\/2020\/01\/527E8CBD-D9EF-4251-BF0A-A98A021C39C1_1_105_c.jpeg?resize=768%2C960&amp;ssl=1 768w, https:\/\/i0.wp.com\/paroisseaumalebraypicardie.fr\/wp-content\/uploads\/2020\/01\/527E8CBD-D9EF-4251-BF0A-A98A021C39C1_1_105_c.jpeg?w=793&amp;ssl=1 793w\" sizes=\"(max-width: 240px) 100vw, 240px\" data-recalc-dims=\"1\" \/><\/figure>\n\n\n\n<h5 class=\"wp-block-heading\"><span style=\"text-decoration: underline;\">Les adultes<\/span><\/h5>\n\n\n\n<p>Une rencontre chaque jeudi (18h30-19h30)<br><em>Accompagnateurs&nbsp;: Mme St\u00e9phanie de Saint Germain \u2013 abb\u00e9 Jean-Claude Varin<\/em><\/p>\n\n\n\n<p>Participation \u00e0 l\u2019\u00e9veil \u00e0 la foi, anim\u00e9e par Sylvie Belli\u00e8re lors des Messes des familles.<br><em> Pr\u00e9paration avec l\u2019abb\u00e9 Jean-Claude Varin, les enfants au cat\u00e9chisme et les adolescents.<\/em><br> <\/p>\n\n\n\n<h3 class=\"has-vivid-cyan-blue-color has-text-color wp-block-heading\">Le mariage<\/h3>\n\n\n\n<div class=\"wp-block-group\"><div class=\"wp-block-group__inner-container is-layout-flow wp-block-group-is-layout-flow\">\n<p>Centre de Pr\u00e9paration au Mariage commun aux paroisses de Aumale Bray Picardie,  Londini\u00e8res et Neufch\u00e2tel. <\/p>\n\n\n\n<p><em>Accompagnateurs&nbsp;: M. Marc et Mme Marie-Kilienne de Jenlis<\/em><\/p>\n<\/div><\/div>\n\n\n\n<h3 class=\"has-vivid-cyan-blue-color has-text-color wp-block-heading\">La confirmation<\/h3>\n\n\n\n<p>Propos\u00e9e aux jeunes en classe de 3<sup>e<\/sup> : 3 samedis + 2 jours de retraite.<\/p>\n\n\n\n<p><em>Accompagnateurs&nbsp;: Mme Carole Gr\u00e9boval \u2013 abb\u00e9 Jean-Claude <\/em>Varin<\/p>\n\n\n\n<p> <em>Mme Blandine Leuiller accompagne une adulte en vue de l\u2019eucharistie et la confirmation.&nbsp;<br><\/em><\/p>\n\n\n\n<div class=\"wpcf7 no-js\" id=\"wpcf7-f25-o1\" lang=\"fr-FR\" dir=\"ltr\">\n<div class=\"screen-reader-response\"><p role=\"status\" aria-live=\"polite\" aria-atomic=\"true\"><\/p> <ul><\/ul><\/div>\n<form action=\"\/index.php\/wp-json\/wp\/v2\/pages\/111#wpcf7-f25-o1\" method=\"post\" class=\"wpcf7-form init\" aria-label=\"Formulaire de contact\" novalidate=\"novalidate\" data-status=\"init\">\n<div style=\"display: none;\">\n<input type=\"hidden\" name=\"_wpcf7\" value=\"25\" \/>\n<input type=\"hidden\" name=\"_wpcf7_version\" value=\"5.9.8\" \/>\n<input type=\"hidden\" name=\"_wpcf7_locale\" value=\"fr_FR\" \/>\n<input type=\"hidden\" name=\"_wpcf7_unit_tag\" value=\"wpcf7-f25-o1\" \/>\n<input type=\"hidden\" name=\"_wpcf7_container_post\" value=\"0\" \/>\n<input type=\"hidden\" name=\"_wpcf7_posted_data_hash\" value=\"\" \/>\n<\/div>\n<p><label> Votre nom (obligatoire)<br \/>\n<span class=\"wpcf7-form-control-wrap\" data-name=\"your-name\"><input size=\"40\" maxlength=\"400\" class=\"wpcf7-form-control wpcf7-text wpcf7-validates-as-required\" aria-required=\"true\" aria-invalid=\"false\" value=\"\" type=\"text\" name=\"your-name\" \/><\/span> <\/label>\n<\/p>\n<p><label> Votre adresse de messagerie (obligatoire)<br \/>\n<span class=\"wpcf7-form-control-wrap\" data-name=\"your-email\"><input size=\"40\" maxlength=\"400\" class=\"wpcf7-form-control wpcf7-email wpcf7-validates-as-required wpcf7-text wpcf7-validates-as-email\" aria-required=\"true\" aria-invalid=\"false\" value=\"\" type=\"email\" name=\"your-email\" \/><\/span> <\/label>\n<\/p>\n<p><label> Objet<br \/>\n<span class=\"wpcf7-form-control-wrap\" data-name=\"your-subject\"><input size=\"40\" maxlength=\"400\" class=\"wpcf7-form-control wpcf7-text\" aria-invalid=\"false\" value=\"\" type=\"text\" name=\"your-subject\" \/><\/span> <\/label>\n<\/p>\n<p><label> Votre message<br \/>\n<span class=\"wpcf7-form-control-wrap\" data-name=\"your-message\"><textarea cols=\"40\" rows=\"10\" maxlength=\"2000\" class=\"wpcf7-form-control wpcf7-textarea\" aria-invalid=\"false\" name=\"your-message\"><\/textarea><\/span> <\/label>\n<\/p>\n<p><input class=\"wpcf7-form-control wpcf7-submit has-spinner\" type=\"submit\" value=\"Envoyer\" \/>\n<\/p><input type='hidden' class='wpcf7-pum' value='{\"closepopup\":false,\"closedelay\":0,\"openpopup\":false,\"openpopup_id\":0}' \/><div class=\"wpcf7-response-output\" aria-hidden=\"true\"><\/div>\n<\/form>\n<\/div>\n\n","protected":false},"excerpt":{"rendered":"<p>Le Bapt\u00eame Les touts petits Une rencontre de pr\u00e9paration le dernier vendredi du mois qui pr\u00e9c\u00e8de le bapt\u00eame Animation&nbsp;: abb\u00e9 Jean-Jean-Claude Varin Les enfants de 4 \u00e0 8 ans Participation \u00e0 l\u2019\u00e9veil \u00e0 la foi. Pr\u00e9paration avec l\u2019abb\u00e9 Jean-Claude Varin Les enfants au cat\u00e9chisme et les adolescents G\u00e9n\u00e9ralement c\u00e9l\u00e9br\u00e9s \u00e0 la Veill\u00e9e Pascale. Une pr\u00e9paration&hellip; <br \/> <a class=\"read-more\" href=\"https:\/\/paroisseaumalebraypicardie.fr\/index.php\/horaires-messes-aumale\/preparation-aux-sacrements\/\">Lire la suite<\/a><\/p>\n","protected":false},"author":1,"featured_media":273,"parent":15,"menu_order":0,"comment_status":"closed","ping_status":"closed","template":"page-templates\/page-with-left-sidebar.php","meta":{"h5ap_radio_sources":[],"jetpack_post_was_ever_published":false,"footnotes":""},"yoast_head":"<!-- This site is optimized with the Yoast SEO plugin v19.13 - https:\/\/yoast.com\/wordpress\/plugins\/seo\/ -->\n<title>Pr\u00e9paration aux sacrements - Paroisse Aumale Bray Picardie.fr<\/title>\n<meta name=\"description\" content=\"Site de la paroisse Aumale Bray Picardie - Dioc\u00e8se de Rouen Normandie - Retrouvez ici les horaires des messes, et toutes les informations li\u00e9es aux animations, l&#039;histoire de notre Paroisse Etc...\" \/>\n<meta name=\"robots\" content=\"index, follow, max-snippet:-1, max-image-preview:large, max-video-preview:-1\" \/>\n<link rel=\"canonical\" href=\"https:\/\/paroisseaumalebraypicardie.fr\/index.php\/horaires-messes-aumale\/preparation-aux-sacrements\/\" \/>\n<meta property=\"og:locale\" content=\"fr_FR\" \/>\n<meta property=\"og:type\" content=\"article\" \/>\n<meta property=\"og:title\" content=\"Pr\u00e9paration aux sacrements - Paroisse Aumale Bray Picardie.fr\" \/>\n<meta property=\"og:description\" content=\"Site de la paroisse Aumale Bray Picardie - Dioc\u00e8se de Rouen Normandie - Retrouvez ici les horaires des messes, et toutes les informations li\u00e9es aux animations, l&#039;histoire de notre Paroisse Etc...\" \/>\n<meta property=\"og:url\" content=\"https:\/\/paroisseaumalebraypicardie.fr\/index.php\/horaires-messes-aumale\/preparation-aux-sacrements\/\" \/>\n<meta property=\"og:site_name\" content=\"Paroisse Aumale Bray Picardie.fr\" \/>\n<meta property=\"article:publisher\" content=\"https:\/\/www.facebook.com\/Paroisse-dAumale-1052241828150031\" \/>\n<meta property=\"article:modified_time\" content=\"2020-06-11T12:59:55+00:00\" \/>\n<meta property=\"og:image\" content=\"https:\/\/i0.wp.com\/paroisseaumalebraypicardie.fr\/wp-content\/uploads\/2020\/01\/sacrements.jpg?fit=640%2C436&ssl=1\" \/>\n\t<meta property=\"og:image:width\" content=\"640\" \/>\n\t<meta property=\"og:image:height\" content=\"436\" \/>\n\t<meta property=\"og:image:type\" content=\"image\/jpeg\" \/>\n<meta name=\"twitter:card\" content=\"summary_large_image\" \/>\n<meta name=\"twitter:site\" content=\"@ParoisseABP\" \/>\n<meta name=\"twitter:label1\" content=\"Dur\u00e9e de lecture estim\u00e9e\" \/>\n\t<meta name=\"twitter:data1\" content=\"1 minute\" \/>\n<script type=\"application\/ld+json\" class=\"yoast-schema-graph\">{\"@context\":\"https:\/\/schema.org\",\"@graph\":[{\"@type\":\"WebPage\",\"@id\":\"https:\/\/paroisseaumalebraypicardie.fr\/index.php\/horaires-messes-aumale\/preparation-aux-sacrements\/\",\"url\":\"https:\/\/paroisseaumalebraypicardie.fr\/index.php\/horaires-messes-aumale\/preparation-aux-sacrements\/\",\"name\":\"Pr\u00e9paration aux sacrements - Paroisse Aumale Bray Picardie.fr\",\"isPartOf\":{\"@id\":\"https:\/\/paroisseaumalebraypicardie.fr\/#website\"},\"datePublished\":\"2020-01-12T19:15:38+00:00\",\"dateModified\":\"2020-06-11T12:59:55+00:00\",\"description\":\"Site de la paroisse Aumale Bray Picardie - Dioc\u00e8se de Rouen Normandie - Retrouvez ici les horaires des messes, et toutes les informations li\u00e9es aux animations, l'histoire de notre Paroisse Etc...\",\"breadcrumb\":{\"@id\":\"https:\/\/paroisseaumalebraypicardie.fr\/index.php\/horaires-messes-aumale\/preparation-aux-sacrements\/#breadcrumb\"},\"inLanguage\":\"fr-FR\",\"potentialAction\":[{\"@type\":\"ReadAction\",\"target\":[\"https:\/\/paroisseaumalebraypicardie.fr\/index.php\/horaires-messes-aumale\/preparation-aux-sacrements\/\"]}]},{\"@type\":\"BreadcrumbList\",\"@id\":\"https:\/\/paroisseaumalebraypicardie.fr\/index.php\/horaires-messes-aumale\/preparation-aux-sacrements\/#breadcrumb\",\"itemListElement\":[{\"@type\":\"ListItem\",\"position\":1,\"name\":\"Accueil\",\"item\":\"https:\/\/paroisseaumalebraypicardie.fr\/\"},{\"@type\":\"ListItem\",\"position\":2,\"name\":\"Accueil\",\"item\":\"https:\/\/paroisseaumalebraypicardie.fr\/\"},{\"@type\":\"ListItem\",\"position\":3,\"name\":\"Pr\u00e9paration aux sacrements\"}]},{\"@type\":\"WebSite\",\"@id\":\"https:\/\/paroisseaumalebraypicardie.fr\/#website\",\"url\":\"https:\/\/paroisseaumalebraypicardie.fr\/\",\"name\":\"Paroisse Aumale Bray Picardie.fr\",\"description\":\"\",\"publisher\":{\"@id\":\"https:\/\/paroisseaumalebraypicardie.fr\/#organization\"},\"potentialAction\":[{\"@type\":\"SearchAction\",\"target\":{\"@type\":\"EntryPoint\",\"urlTemplate\":\"https:\/\/paroisseaumalebraypicardie.fr\/?s={search_term_string}\"},\"query-input\":\"required name=search_term_string\"}],\"inLanguage\":\"fr-FR\"},{\"@type\":\"Organization\",\"@id\":\"https:\/\/paroisseaumalebraypicardie.fr\/#organization\",\"name\":\"Paroisse Aumale Bray Picardie\",\"url\":\"https:\/\/paroisseaumalebraypicardie.fr\/\",\"logo\":{\"@type\":\"ImageObject\",\"inLanguage\":\"fr-FR\",\"@id\":\"https:\/\/paroisseaumalebraypicardie.fr\/#\/schema\/logo\/image\/\",\"url\":\"https:\/\/i1.wp.com\/paroisseaumalebraypicardie.fr\/wp-content\/uploads\/2020\/01\/img_1256_47985338107_o-scaled.jpg?fit=2560%2C1912\",\"contentUrl\":\"https:\/\/i1.wp.com\/paroisseaumalebraypicardie.fr\/wp-content\/uploads\/2020\/01\/img_1256_47985338107_o-scaled.jpg?fit=2560%2C1912\",\"width\":2560,\"height\":1912,\"caption\":\"Paroisse Aumale Bray Picardie\"},\"image\":{\"@id\":\"https:\/\/paroisseaumalebraypicardie.fr\/#\/schema\/logo\/image\/\"},\"sameAs\":[\"https:\/\/www.instagram.com\/paroisseaumalebp\/?hl=fr\",\"https:\/\/www.youtube.com\/channel\/UCdzO2T1JOuFy9b6jaJdSyaQ?view_as=subscriber\",\"https:\/\/www.facebook.com\/Paroisse-dAumale-1052241828150031\",\"https:\/\/twitter.com\/ParoisseABP\"]}]}<\/script>\n<!-- \/ Yoast SEO plugin. -->","yoast_head_json":{"title":"Pr\u00e9paration aux sacrements - Paroisse Aumale Bray Picardie.fr","description":"Site de la paroisse Aumale Bray Picardie - Dioc\u00e8se de Rouen Normandie - Retrouvez ici les horaires des messes, et toutes les informations li\u00e9es aux animations, l'histoire de notre Paroisse Etc...","robots":{"index":"index","follow":"follow","max-snippet":"max-snippet:-1","max-image-preview":"max-image-preview:large","max-video-preview":"max-video-preview:-1"},"canonical":"https:\/\/paroisseaumalebraypicardie.fr\/index.php\/horaires-messes-aumale\/preparation-aux-sacrements\/","og_locale":"fr_FR","og_type":"article","og_title":"Pr\u00e9paration aux sacrements - Paroisse Aumale Bray Picardie.fr","og_description":"Site de la paroisse Aumale Bray Picardie - Dioc\u00e8se de Rouen Normandie - Retrouvez ici les horaires des messes, et toutes les informations li\u00e9es aux animations, l'histoire de notre Paroisse Etc...","og_url":"https:\/\/paroisseaumalebraypicardie.fr\/index.php\/horaires-messes-aumale\/preparation-aux-sacrements\/","og_site_name":"Paroisse Aumale Bray Picardie.fr","article_publisher":"https:\/\/www.facebook.com\/Paroisse-dAumale-1052241828150031","article_modified_time":"2020-06-11T12:59:55+00:00","og_image":[{"width":640,"height":436,"url":"https:\/\/i0.wp.com\/paroisseaumalebraypicardie.fr\/wp-content\/uploads\/2020\/01\/sacrements.jpg?fit=640%2C436&ssl=1","type":"image\/jpeg"}],"twitter_card":"summary_large_image","twitter_site":"@ParoisseABP","twitter_misc":{"Dur\u00e9e de lecture estim\u00e9e":"1 minute"},"schema":{"@context":"https:\/\/schema.org","@graph":[{"@type":"WebPage","@id":"https:\/\/paroisseaumalebraypicardie.fr\/index.php\/horaires-messes-aumale\/preparation-aux-sacrements\/","url":"https:\/\/paroisseaumalebraypicardie.fr\/index.php\/horaires-messes-aumale\/preparation-aux-sacrements\/","name":"Pr\u00e9paration aux sacrements - Paroisse Aumale Bray Picardie.fr","isPartOf":{"@id":"https:\/\/paroisseaumalebraypicardie.fr\/#website"},"datePublished":"2020-01-12T19:15:38+00:00","dateModified":"2020-06-11T12:59:55+00:00","description":"Site de la paroisse Aumale Bray Picardie - Dioc\u00e8se de Rouen Normandie - Retrouvez ici les horaires des messes, et toutes les informations li\u00e9es aux animations, l'histoire de notre Paroisse Etc...","breadcrumb":{"@id":"https:\/\/paroisseaumalebraypicardie.fr\/index.php\/horaires-messes-aumale\/preparation-aux-sacrements\/#breadcrumb"},"inLanguage":"fr-FR","potentialAction":[{"@type":"ReadAction","target":["https:\/\/paroisseaumalebraypicardie.fr\/index.php\/horaires-messes-aumale\/preparation-aux-sacrements\/"]}]},{"@type":"BreadcrumbList","@id":"https:\/\/paroisseaumalebraypicardie.fr\/index.php\/horaires-messes-aumale\/preparation-aux-sacrements\/#breadcrumb","itemListElement":[{"@type":"ListItem","position":1,"name":"Accueil","item":"https:\/\/paroisseaumalebraypicardie.fr\/"},{"@type":"ListItem","position":2,"name":"Accueil","item":"https:\/\/paroisseaumalebraypicardie.fr\/"},{"@type":"ListItem","position":3,"name":"Pr\u00e9paration aux sacrements"}]},{"@type":"WebSite","@id":"https:\/\/paroisseaumalebraypicardie.fr\/#website","url":"https:\/\/paroisseaumalebraypicardie.fr\/","name":"Paroisse Aumale Bray Picardie.fr","description":"","publisher":{"@id":"https:\/\/paroisseaumalebraypicardie.fr\/#organization"},"potentialAction":[{"@type":"SearchAction","target":{"@type":"EntryPoint","urlTemplate":"https:\/\/paroisseaumalebraypicardie.fr\/?s={search_term_string}"},"query-input":"required name=search_term_string"}],"inLanguage":"fr-FR"},{"@type":"Organization","@id":"https:\/\/paroisseaumalebraypicardie.fr\/#organization","name":"Paroisse Aumale Bray Picardie","url":"https:\/\/paroisseaumalebraypicardie.fr\/","logo":{"@type":"ImageObject","inLanguage":"fr-FR","@id":"https:\/\/paroisseaumalebraypicardie.fr\/#\/schema\/logo\/image\/","url":"https:\/\/i1.wp.com\/paroisseaumalebraypicardie.fr\/wp-content\/uploads\/2020\/01\/img_1256_47985338107_o-scaled.jpg?fit=2560%2C1912","contentUrl":"https:\/\/i1.wp.com\/paroisseaumalebraypicardie.fr\/wp-content\/uploads\/2020\/01\/img_1256_47985338107_o-scaled.jpg?fit=2560%2C1912","width":2560,"height":1912,"caption":"Paroisse Aumale Bray Picardie"},"image":{"@id":"https:\/\/paroisseaumalebraypicardie.fr\/#\/schema\/logo\/image\/"},"sameAs":["https:\/\/www.instagram.com\/paroisseaumalebp\/?hl=fr","https:\/\/www.youtube.com\/channel\/UCdzO2T1JOuFy9b6jaJdSyaQ?view_as=subscriber","https:\/\/www.facebook.com\/Paroisse-dAumale-1052241828150031","https:\/\/twitter.com\/ParoisseABP"]}]}},"jetpack_sharing_enabled":true,"_links":{"self":[{"href":"https:\/\/paroisseaumalebraypicardie.fr\/index.php\/wp-json\/wp\/v2\/pages\/111"}],"collection":[{"href":"https:\/\/paroisseaumalebraypicardie.fr\/index.php\/wp-json\/wp\/v2\/pages"}],"about":[{"href":"https:\/\/paroisseaumalebraypicardie.fr\/index.php\/wp-json\/wp\/v2\/types\/page"}],"author":[{"embeddable":true,"href":"https:\/\/paroisseaumalebraypicardie.fr\/index.php\/wp-json\/wp\/v2\/users\/1"}],"replies":[{"embeddable":true,"href":"https:\/\/paroisseaumalebraypicardie.fr\/index.php\/wp-json\/wp\/v2\/comments?post=111"}],"version-history":[{"count":4,"href":"https:\/\/paroisseaumalebraypicardie.fr\/index.php\/wp-json\/wp\/v2\/pages\/111\/revisions"}],"predecessor-version":[{"id":4926,"href":"https:\/\/paroisseaumalebraypicardie.fr\/index.php\/wp-json\/wp\/v2\/pages\/111\/revisions\/4926"}],"up":[{"embeddable":true,"href":"https:\/\/paroisseaumalebraypicardie.fr\/index.php\/wp-json\/wp\/v2\/pages\/15"}],"wp:featuredmedia":[{"embeddable":true,"href":"https:\/\/paroisseaumalebraypicardie.fr\/index.php\/wp-json\/wp\/v2\/media\/273"}],"wp:attachment":[{"href":"https:\/\/paroisseaumalebraypicardie.fr\/index.php\/wp-json\/wp\/v2\/media?parent=111"}],"curies":[{"name":"wp","href":"https:\/\/api.w.org\/{rel}","templated":true}]}}