{"id":260,"date":"2020-01-13T20:44:10","date_gmt":"2020-01-13T19:44:10","guid":{"rendered":"http:\/\/paroisseaumalebraypicardie.fr\/?page_id=260"},"modified":"2020-06-11T14:59:31","modified_gmt":"2020-06-11T12:59:31","slug":"les-servants-dautel","status":"publish","type":"page","link":"https:\/\/paroisseaumalebraypicardie.fr\/index.php\/horaires-messes-aumale\/les-servants-dautel\/","title":{"rendered":"Les Servants d&rsquo;Autel"},"content":{"rendered":"\n<div class=\"wp-block-group\"><div class=\"wp-block-group__inner-container is-layout-flow wp-block-group-is-layout-flow\"><p><iframe loading=\"lazy\" width=\"560\" height=\"315\" src=\"https:\/\/www.youtube.com\/embed\/gSztMnb8o-Q\" frameborder=\"0\" allow=\"accelerometer; autoplay; encrypted-media; gyroscope; picture-in-picture\" allowfullscreen=\"\"><\/iframe><\/p>\n\n\n\n<blockquote class=\"wp-block-quote\"><p>P\u00e8re Gilles Morin (Paroisse Notre Dame de Nazareth) r\u00e9pond \u00e0 quelques questions que vous vous posez peut \u00eatre !<\/p><cite>Dioc\u00e8se de Paris<\/cite><\/blockquote>\n<\/div><\/div>\n\n\n\n<div class=\"wp-block-group\"><div class=\"wp-block-group__inner-container is-layout-flow wp-block-group-is-layout-flow\">\n<figure class=\"wp-block-gallery columns-3 is-cropped wp-block-gallery-1 is-layout-flex wp-block-gallery-is-layout-flex\"><ul class=\"blocks-gallery-grid\"><li class=\"blocks-gallery-item\"><figure><img loading=\"lazy\" decoding=\"async\" width=\"490\" height=\"870\" src=\"https:\/\/i0.wp.com\/paroisseaumalebraypicardie.fr\/wp-content\/uploads\/2020\/01\/48125054811_4c91aaaa57_o-1.jpg?resize=490%2C870\" alt=\"\" data-id=\"378\" data-link=\"http:\/\/paroisseaumalebraypicardie.fr\/index.php\/mesmerize\/les-servants-dautel\/48125054811_4c91aaaa57_o-1\/\" class=\"wp-image-378\" srcset=\"https:\/\/i0.wp.com\/paroisseaumalebraypicardie.fr\/wp-content\/uploads\/2020\/01\/48125054811_4c91aaaa57_o-1.jpg?w=490&amp;ssl=1 490w, https:\/\/i0.wp.com\/paroisseaumalebraypicardie.fr\/wp-content\/uploads\/2020\/01\/48125054811_4c91aaaa57_o-1.jpg?resize=169%2C300&amp;ssl=1 169w\" sizes=\"(max-width: 490px) 100vw, 490px\" data-recalc-dims=\"1\" \/><\/figure><\/li><li class=\"blocks-gallery-item\"><figure><img loading=\"lazy\" decoding=\"async\" width=\"768\" height=\"1024\" src=\"https:\/\/i0.wp.com\/paroisseaumalebraypicardie.fr\/wp-content\/uploads\/2020\/01\/997BDE50-DB78-4D5D-864E-A63BEDA3C172_1_105_c.jpeg?resize=768%2C1024\" alt=\"\" data-id=\"380\" data-full-url=\"https:\/\/i2.wp.com\/paroisseaumalebraypicardie.fr\/wp-content\/uploads\/2020\/01\/997BDE50-DB78-4D5D-864E-A63BEDA3C172_1_105_c.jpeg?fit=768%2C1024\" data-link=\"http:\/\/paroisseaumalebraypicardie.fr\/index.php\/mesmerize\/les-servants-dautel\/997bde50-db78-4d5d-864e-a63beda3c172_1_105_c\/\" class=\"wp-image-380\" srcset=\"https:\/\/i0.wp.com\/paroisseaumalebraypicardie.fr\/wp-content\/uploads\/2020\/01\/997BDE50-DB78-4D5D-864E-A63BEDA3C172_1_105_c.jpeg?w=768&amp;ssl=1 768w, https:\/\/i0.wp.com\/paroisseaumalebraypicardie.fr\/wp-content\/uploads\/2020\/01\/997BDE50-DB78-4D5D-864E-A63BEDA3C172_1_105_c.jpeg?resize=225%2C300&amp;ssl=1 225w\" sizes=\"(max-width: 768px) 100vw, 768px\" data-recalc-dims=\"1\" \/><\/figure><\/li><li class=\"blocks-gallery-item\"><figure><img loading=\"lazy\" decoding=\"async\" width=\"1086\" height=\"724\" src=\"https:\/\/i2.wp.com\/paroisseaumalebraypicardie.fr\/wp-content\/uploads\/2020\/01\/98042267-A67D-4C88-AD91-A39524515A7D_1_105_c.jpeg?fit=1024%2C683\" alt=\"\" data-id=\"381\" data-full-url=\"https:\/\/i2.wp.com\/paroisseaumalebraypicardie.fr\/wp-content\/uploads\/2020\/01\/98042267-A67D-4C88-AD91-A39524515A7D_1_105_c.jpeg?fit=1086%2C724\" data-link=\"http:\/\/paroisseaumalebraypicardie.fr\/index.php\/mesmerize\/les-servants-dautel\/98042267-a67d-4c88-ad91-a39524515a7d_1_105_c\/\" class=\"wp-image-381\" srcset=\"https:\/\/i0.wp.com\/paroisseaumalebraypicardie.fr\/wp-content\/uploads\/2020\/01\/98042267-A67D-4C88-AD91-A39524515A7D_1_105_c.jpeg?w=1086&amp;ssl=1 1086w, https:\/\/i0.wp.com\/paroisseaumalebraypicardie.fr\/wp-content\/uploads\/2020\/01\/98042267-A67D-4C88-AD91-A39524515A7D_1_105_c.jpeg?resize=300%2C200&amp;ssl=1 300w, https:\/\/i0.wp.com\/paroisseaumalebraypicardie.fr\/wp-content\/uploads\/2020\/01\/98042267-A67D-4C88-AD91-A39524515A7D_1_105_c.jpeg?resize=1024%2C683&amp;ssl=1 1024w, https:\/\/i0.wp.com\/paroisseaumalebraypicardie.fr\/wp-content\/uploads\/2020\/01\/98042267-A67D-4C88-AD91-A39524515A7D_1_105_c.jpeg?resize=768%2C512&amp;ssl=1 768w\" sizes=\"(max-width: 1086px) 100vw, 1086px\" \/><\/figure><\/li><li class=\"blocks-gallery-item\"><figure><img loading=\"lazy\" decoding=\"async\" width=\"768\" height=\"1024\" src=\"https:\/\/i0.wp.com\/paroisseaumalebraypicardie.fr\/wp-content\/uploads\/2020\/01\/220223C9-4B8C-43F9-98EA-ABC5EFC24617_1_105_c.jpeg?resize=768%2C1024\" alt=\"\" data-id=\"382\" data-full-url=\"https:\/\/i2.wp.com\/paroisseaumalebraypicardie.fr\/wp-content\/uploads\/2020\/01\/220223C9-4B8C-43F9-98EA-ABC5EFC24617_1_105_c.jpeg?fit=768%2C1024\" data-link=\"http:\/\/paroisseaumalebraypicardie.fr\/index.php\/mesmerize\/les-servants-dautel\/220223c9-4b8c-43f9-98ea-abc5efc24617_1_105_c\/\" class=\"wp-image-382\" srcset=\"https:\/\/i0.wp.com\/paroisseaumalebraypicardie.fr\/wp-content\/uploads\/2020\/01\/220223C9-4B8C-43F9-98EA-ABC5EFC24617_1_105_c.jpeg?w=768&amp;ssl=1 768w, https:\/\/i0.wp.com\/paroisseaumalebraypicardie.fr\/wp-content\/uploads\/2020\/01\/220223C9-4B8C-43F9-98EA-ABC5EFC24617_1_105_c.jpeg?resize=225%2C300&amp;ssl=1 225w\" sizes=\"(max-width: 768px) 100vw, 768px\" data-recalc-dims=\"1\" \/><\/figure><\/li><li class=\"blocks-gallery-item\"><figure><img loading=\"lazy\" decoding=\"async\" width=\"724\" height=\"1086\" src=\"https:\/\/i1.wp.com\/paroisseaumalebraypicardie.fr\/wp-content\/uploads\/2020\/01\/46499096-8C55-4ED9-9215-396284EADE46_1_105_c.jpeg?fit=683%2C1024\" alt=\"\" data-id=\"383\" data-full-url=\"https:\/\/i1.wp.com\/paroisseaumalebraypicardie.fr\/wp-content\/uploads\/2020\/01\/46499096-8C55-4ED9-9215-396284EADE46_1_105_c.jpeg?fit=724%2C1086\" data-link=\"http:\/\/paroisseaumalebraypicardie.fr\/index.php\/mesmerize\/les-servants-dautel\/46499096-8c55-4ed9-9215-396284eade46_1_105_c\/\" class=\"wp-image-383\" srcset=\"https:\/\/i0.wp.com\/paroisseaumalebraypicardie.fr\/wp-content\/uploads\/2020\/01\/46499096-8C55-4ED9-9215-396284EADE46_1_105_c.jpeg?w=724&amp;ssl=1 724w, https:\/\/i0.wp.com\/paroisseaumalebraypicardie.fr\/wp-content\/uploads\/2020\/01\/46499096-8C55-4ED9-9215-396284EADE46_1_105_c.jpeg?resize=200%2C300&amp;ssl=1 200w, https:\/\/i0.wp.com\/paroisseaumalebraypicardie.fr\/wp-content\/uploads\/2020\/01\/46499096-8C55-4ED9-9215-396284EADE46_1_105_c.jpeg?resize=683%2C1024&amp;ssl=1 683w, https:\/\/i0.wp.com\/paroisseaumalebraypicardie.fr\/wp-content\/uploads\/2020\/01\/46499096-8C55-4ED9-9215-396284EADE46_1_105_c.jpeg?resize=720%2C1080&amp;ssl=1 720w\" sizes=\"(max-width: 724px) 100vw, 724px\" \/><\/figure><\/li><li class=\"blocks-gallery-item\"><figure><img loading=\"lazy\" decoding=\"async\" width=\"1086\" height=\"724\" src=\"https:\/\/i1.wp.com\/paroisseaumalebraypicardie.fr\/wp-content\/uploads\/2020\/01\/3F102E78-BA6B-480D-944C-7E0EAB57C1E7_1_105_c.jpeg?fit=1024%2C683\" alt=\"\" data-id=\"384\" data-full-url=\"https:\/\/i1.wp.com\/paroisseaumalebraypicardie.fr\/wp-content\/uploads\/2020\/01\/3F102E78-BA6B-480D-944C-7E0EAB57C1E7_1_105_c.jpeg?fit=1086%2C724\" data-link=\"http:\/\/paroisseaumalebraypicardie.fr\/index.php\/mesmerize\/les-servants-dautel\/3f102e78-ba6b-480d-944c-7e0eab57c1e7_1_105_c\/\" class=\"wp-image-384\" srcset=\"https:\/\/i0.wp.com\/paroisseaumalebraypicardie.fr\/wp-content\/uploads\/2020\/01\/3F102E78-BA6B-480D-944C-7E0EAB57C1E7_1_105_c.jpeg?w=1086&amp;ssl=1 1086w, https:\/\/i0.wp.com\/paroisseaumalebraypicardie.fr\/wp-content\/uploads\/2020\/01\/3F102E78-BA6B-480D-944C-7E0EAB57C1E7_1_105_c.jpeg?resize=300%2C200&amp;ssl=1 300w, https:\/\/i0.wp.com\/paroisseaumalebraypicardie.fr\/wp-content\/uploads\/2020\/01\/3F102E78-BA6B-480D-944C-7E0EAB57C1E7_1_105_c.jpeg?resize=1024%2C683&amp;ssl=1 1024w, https:\/\/i0.wp.com\/paroisseaumalebraypicardie.fr\/wp-content\/uploads\/2020\/01\/3F102E78-BA6B-480D-944C-7E0EAB57C1E7_1_105_c.jpeg?resize=768%2C512&amp;ssl=1 768w\" sizes=\"(max-width: 1086px) 100vw, 1086px\" \/><\/figure><\/li><\/ul><\/figure>\n\n\n\n<h5 class=\"has-vivid-cyan-blue-color has-text-color wp-block-heading\">Contactez Francis Gaudefroy, qui anime le groupe de Servants d&rsquo;Autel de la Paroisse.<\/h5>\n\n\n\n<figure class=\"wp-block-image size-thumbnail\"><img loading=\"lazy\" decoding=\"async\" width=\"150\" height=\"150\" src=\"https:\/\/i0.wp.com\/paroisseaumalebraypicardie.fr\/wp-content\/uploads\/2020\/01\/A3D6B773-5F61-4463-A738-CC68F9110F58_1_105_c.jpeg?resize=150%2C150\" alt=\"\" class=\"wp-image-281\" srcset=\"https:\/\/i0.wp.com\/paroisseaumalebraypicardie.fr\/wp-content\/uploads\/2020\/01\/A3D6B773-5F61-4463-A738-CC68F9110F58_1_105_c.jpeg?resize=150%2C150&amp;ssl=1 150w, https:\/\/i0.wp.com\/paroisseaumalebraypicardie.fr\/wp-content\/uploads\/2020\/01\/A3D6B773-5F61-4463-A738-CC68F9110F58_1_105_c.jpeg?zoom=2&amp;resize=150%2C150 300w, https:\/\/i0.wp.com\/paroisseaumalebraypicardie.fr\/wp-content\/uploads\/2020\/01\/A3D6B773-5F61-4463-A738-CC68F9110F58_1_105_c.jpeg?zoom=3&amp;resize=150%2C150 450w\" sizes=\"(max-width: 150px) 100vw, 150px\" data-recalc-dims=\"1\" \/><figcaption>\n<div class=\"wpcf7 no-js\" id=\"wpcf7-f278-o1\" lang=\"fr-FR\" dir=\"ltr\">\n<div class=\"screen-reader-response\"><p role=\"status\" aria-live=\"polite\" aria-atomic=\"true\"><\/p> <ul><\/ul><\/div>\n<form action=\"\/index.php\/wp-json\/wp\/v2\/pages\/260#wpcf7-f278-o1\" method=\"post\" class=\"wpcf7-form init\" aria-label=\"Formulaire de contact\" novalidate=\"novalidate\" data-status=\"init\">\n<div style=\"display: none;\">\n<input type=\"hidden\" name=\"_wpcf7\" value=\"278\" \/>\n<input type=\"hidden\" name=\"_wpcf7_version\" value=\"5.9.8\" \/>\n<input type=\"hidden\" name=\"_wpcf7_locale\" value=\"fr_FR\" \/>\n<input type=\"hidden\" name=\"_wpcf7_unit_tag\" value=\"wpcf7-f278-o1\" \/>\n<input type=\"hidden\" name=\"_wpcf7_container_post\" value=\"0\" \/>\n<input type=\"hidden\" name=\"_wpcf7_posted_data_hash\" value=\"\" \/>\n<\/div>\n<p><label> Votre nom (obligatoire)<br \/>\n<span class=\"wpcf7-form-control-wrap\" data-name=\"your-name\"><input size=\"40\" maxlength=\"400\" class=\"wpcf7-form-control wpcf7-text wpcf7-validates-as-required\" aria-required=\"true\" aria-invalid=\"false\" value=\"\" type=\"text\" name=\"your-name\" \/><\/span> <\/label>\n<\/p>\n<p><label> Votre adresse de messagerie (obligatoire)<br \/>\n<span class=\"wpcf7-form-control-wrap\" data-name=\"your-email\"><input size=\"40\" maxlength=\"400\" class=\"wpcf7-form-control wpcf7-email wpcf7-validates-as-required wpcf7-text wpcf7-validates-as-email\" aria-required=\"true\" aria-invalid=\"false\" value=\"\" type=\"email\" name=\"your-email\" \/><\/span> <\/label>\n<\/p>\n<p><label> Objet<br \/>\n<span class=\"wpcf7-form-control-wrap\" data-name=\"your-subject\"><input size=\"40\" maxlength=\"400\" class=\"wpcf7-form-control wpcf7-text\" aria-invalid=\"false\" value=\"\" type=\"text\" name=\"your-subject\" \/><\/span> <\/label>\n<\/p>\n<p><label> Votre message<br \/>\n<span class=\"wpcf7-form-control-wrap\" data-name=\"your-message\"><textarea cols=\"40\" rows=\"10\" maxlength=\"2000\" class=\"wpcf7-form-control wpcf7-textarea\" aria-invalid=\"false\" name=\"your-message\"><\/textarea><\/span> <\/label>\n<\/p>\n<p><input class=\"wpcf7-form-control wpcf7-submit has-spinner\" type=\"submit\" value=\"Envoyer\" \/>\n<\/p><input type='hidden' class='wpcf7-pum' value='{\"closepopup\":false,\"closedelay\":0,\"openpopup\":false,\"openpopup_id\":0}' \/><div class=\"wpcf7-response-output\" aria-hidden=\"true\"><\/div>\n<\/form>\n<\/div>\n<\/figcaption><\/figure>\n<\/div><\/div>\n\n\n\n<p><\/p>\n","protected":false},"excerpt":{"rendered":"<p>P\u00e8re Gilles Morin (Paroisse Notre Dame de Nazareth) r\u00e9pond \u00e0 quelques questions que vous vous posez peut \u00eatre ! Dioc\u00e8se de Paris Contactez Francis Gaudefroy, qui anime le groupe de Servants d&rsquo;Autel de la Paroisse.<\/p>\n","protected":false},"author":1,"featured_media":262,"parent":15,"menu_order":0,"comment_status":"closed","ping_status":"closed","template":"page-templates\/page-with-left-sidebar.php","meta":{"h5ap_radio_sources":[],"jetpack_post_was_ever_published":false,"footnotes":""},"yoast_head":"<!-- This site is optimized with the Yoast SEO plugin v19.13 - https:\/\/yoast.com\/wordpress\/plugins\/seo\/ -->\n<title>Les Servants d&#039;Autel - Paroisse Aumale Bray Picardie.fr<\/title>\n<meta name=\"description\" content=\"Site de la paroisse Aumale Bray Picardie - Dioc\u00e8se de Rouen Normandie - Retrouvez ici les horaires des messes, et toutes les informations li\u00e9es aux animations, l&#039;histoire de notre Paroisse Etc...\" \/>\n<meta name=\"robots\" content=\"index, follow, max-snippet:-1, max-image-preview:large, max-video-preview:-1\" \/>\n<link rel=\"canonical\" href=\"https:\/\/paroisseaumalebraypicardie.fr\/index.php\/horaires-messes-aumale\/les-servants-dautel\/\" \/>\n<meta property=\"og:locale\" content=\"fr_FR\" \/>\n<meta property=\"og:type\" content=\"article\" \/>\n<meta property=\"og:title\" content=\"Les Servants d&#039;Autel - Paroisse Aumale Bray Picardie.fr\" \/>\n<meta property=\"og:description\" content=\"Site de la paroisse Aumale Bray Picardie - Dioc\u00e8se de Rouen Normandie - Retrouvez ici les horaires des messes, et toutes les informations li\u00e9es aux animations, l&#039;histoire de notre Paroisse Etc...\" \/>\n<meta property=\"og:url\" content=\"https:\/\/paroisseaumalebraypicardie.fr\/index.php\/horaires-messes-aumale\/les-servants-dautel\/\" \/>\n<meta property=\"og:site_name\" content=\"Paroisse Aumale Bray Picardie.fr\" \/>\n<meta property=\"article:publisher\" content=\"https:\/\/www.facebook.com\/Paroisse-dAumale-1052241828150031\" \/>\n<meta property=\"article:modified_time\" content=\"2020-06-11T12:59:31+00:00\" \/>\n<meta property=\"og:image\" content=\"https:\/\/i0.wp.com\/paroisseaumalebraypicardie.fr\/wp-content\/uploads\/2020\/01\/images.jpeg?fit=288%2C175&ssl=1\" \/>\n\t<meta property=\"og:image:width\" content=\"288\" \/>\n\t<meta property=\"og:image:height\" content=\"175\" \/>\n\t<meta property=\"og:image:type\" content=\"image\/jpeg\" \/>\n<meta name=\"twitter:card\" content=\"summary_large_image\" \/>\n<meta name=\"twitter:site\" content=\"@ParoisseABP\" \/>\n<script type=\"application\/ld+json\" class=\"yoast-schema-graph\">{\"@context\":\"https:\/\/schema.org\",\"@graph\":[{\"@type\":\"WebPage\",\"@id\":\"https:\/\/paroisseaumalebraypicardie.fr\/index.php\/horaires-messes-aumale\/les-servants-dautel\/\",\"url\":\"https:\/\/paroisseaumalebraypicardie.fr\/index.php\/horaires-messes-aumale\/les-servants-dautel\/\",\"name\":\"Les Servants d'Autel - Paroisse Aumale Bray Picardie.fr\",\"isPartOf\":{\"@id\":\"https:\/\/paroisseaumalebraypicardie.fr\/#website\"},\"datePublished\":\"2020-01-13T19:44:10+00:00\",\"dateModified\":\"2020-06-11T12:59:31+00:00\",\"description\":\"Site de la paroisse Aumale Bray Picardie - Dioc\u00e8se de Rouen Normandie - Retrouvez ici les horaires des messes, et toutes les informations li\u00e9es aux animations, l'histoire de notre Paroisse Etc...\",\"breadcrumb\":{\"@id\":\"https:\/\/paroisseaumalebraypicardie.fr\/index.php\/horaires-messes-aumale\/les-servants-dautel\/#breadcrumb\"},\"inLanguage\":\"fr-FR\",\"potentialAction\":[{\"@type\":\"ReadAction\",\"target\":[\"https:\/\/paroisseaumalebraypicardie.fr\/index.php\/horaires-messes-aumale\/les-servants-dautel\/\"]}]},{\"@type\":\"BreadcrumbList\",\"@id\":\"https:\/\/paroisseaumalebraypicardie.fr\/index.php\/horaires-messes-aumale\/les-servants-dautel\/#breadcrumb\",\"itemListElement\":[{\"@type\":\"ListItem\",\"position\":1,\"name\":\"Accueil\",\"item\":\"https:\/\/paroisseaumalebraypicardie.fr\/\"},{\"@type\":\"ListItem\",\"position\":2,\"name\":\"Accueil\",\"item\":\"https:\/\/paroisseaumalebraypicardie.fr\/\"},{\"@type\":\"ListItem\",\"position\":3,\"name\":\"Les Servants d&rsquo;Autel\"}]},{\"@type\":\"WebSite\",\"@id\":\"https:\/\/paroisseaumalebraypicardie.fr\/#website\",\"url\":\"https:\/\/paroisseaumalebraypicardie.fr\/\",\"name\":\"Paroisse Aumale Bray Picardie.fr\",\"description\":\"\",\"publisher\":{\"@id\":\"https:\/\/paroisseaumalebraypicardie.fr\/#organization\"},\"potentialAction\":[{\"@type\":\"SearchAction\",\"target\":{\"@type\":\"EntryPoint\",\"urlTemplate\":\"https:\/\/paroisseaumalebraypicardie.fr\/?s={search_term_string}\"},\"query-input\":\"required name=search_term_string\"}],\"inLanguage\":\"fr-FR\"},{\"@type\":\"Organization\",\"@id\":\"https:\/\/paroisseaumalebraypicardie.fr\/#organization\",\"name\":\"Paroisse Aumale Bray Picardie\",\"url\":\"https:\/\/paroisseaumalebraypicardie.fr\/\",\"logo\":{\"@type\":\"ImageObject\",\"inLanguage\":\"fr-FR\",\"@id\":\"https:\/\/paroisseaumalebraypicardie.fr\/#\/schema\/logo\/image\/\",\"url\":\"https:\/\/i1.wp.com\/paroisseaumalebraypicardie.fr\/wp-content\/uploads\/2020\/01\/img_1256_47985338107_o-scaled.jpg?fit=2560%2C1912\",\"contentUrl\":\"https:\/\/i1.wp.com\/paroisseaumalebraypicardie.fr\/wp-content\/uploads\/2020\/01\/img_1256_47985338107_o-scaled.jpg?fit=2560%2C1912\",\"width\":2560,\"height\":1912,\"caption\":\"Paroisse Aumale Bray Picardie\"},\"image\":{\"@id\":\"https:\/\/paroisseaumalebraypicardie.fr\/#\/schema\/logo\/image\/\"},\"sameAs\":[\"https:\/\/www.instagram.com\/paroisseaumalebp\/?hl=fr\",\"https:\/\/www.youtube.com\/channel\/UCdzO2T1JOuFy9b6jaJdSyaQ?view_as=subscriber\",\"https:\/\/www.facebook.com\/Paroisse-dAumale-1052241828150031\",\"https:\/\/twitter.com\/ParoisseABP\"]}]}<\/script>\n<!-- \/ Yoast SEO plugin. -->","yoast_head_json":{"title":"Les Servants d'Autel - Paroisse Aumale Bray Picardie.fr","description":"Site de la paroisse Aumale Bray Picardie - Dioc\u00e8se de Rouen Normandie - Retrouvez ici les horaires des messes, et toutes les informations li\u00e9es aux animations, l'histoire de notre Paroisse Etc...","robots":{"index":"index","follow":"follow","max-snippet":"max-snippet:-1","max-image-preview":"max-image-preview:large","max-video-preview":"max-video-preview:-1"},"canonical":"https:\/\/paroisseaumalebraypicardie.fr\/index.php\/horaires-messes-aumale\/les-servants-dautel\/","og_locale":"fr_FR","og_type":"article","og_title":"Les Servants d'Autel - Paroisse Aumale Bray Picardie.fr","og_description":"Site de la paroisse Aumale Bray Picardie - Dioc\u00e8se de Rouen Normandie - Retrouvez ici les horaires des messes, et toutes les informations li\u00e9es aux animations, l'histoire de notre Paroisse Etc...","og_url":"https:\/\/paroisseaumalebraypicardie.fr\/index.php\/horaires-messes-aumale\/les-servants-dautel\/","og_site_name":"Paroisse Aumale Bray Picardie.fr","article_publisher":"https:\/\/www.facebook.com\/Paroisse-dAumale-1052241828150031","article_modified_time":"2020-06-11T12:59:31+00:00","og_image":[{"width":288,"height":175,"url":"https:\/\/i0.wp.com\/paroisseaumalebraypicardie.fr\/wp-content\/uploads\/2020\/01\/images.jpeg?fit=288%2C175&ssl=1","type":"image\/jpeg"}],"twitter_card":"summary_large_image","twitter_site":"@ParoisseABP","schema":{"@context":"https:\/\/schema.org","@graph":[{"@type":"WebPage","@id":"https:\/\/paroisseaumalebraypicardie.fr\/index.php\/horaires-messes-aumale\/les-servants-dautel\/","url":"https:\/\/paroisseaumalebraypicardie.fr\/index.php\/horaires-messes-aumale\/les-servants-dautel\/","name":"Les Servants d'Autel - Paroisse Aumale Bray Picardie.fr","isPartOf":{"@id":"https:\/\/paroisseaumalebraypicardie.fr\/#website"},"datePublished":"2020-01-13T19:44:10+00:00","dateModified":"2020-06-11T12:59:31+00:00","description":"Site de la paroisse Aumale Bray Picardie - Dioc\u00e8se de Rouen Normandie - Retrouvez ici les horaires des messes, et toutes les informations li\u00e9es aux animations, l'histoire de notre Paroisse Etc...","breadcrumb":{"@id":"https:\/\/paroisseaumalebraypicardie.fr\/index.php\/horaires-messes-aumale\/les-servants-dautel\/#breadcrumb"},"inLanguage":"fr-FR","potentialAction":[{"@type":"ReadAction","target":["https:\/\/paroisseaumalebraypicardie.fr\/index.php\/horaires-messes-aumale\/les-servants-dautel\/"]}]},{"@type":"BreadcrumbList","@id":"https:\/\/paroisseaumalebraypicardie.fr\/index.php\/horaires-messes-aumale\/les-servants-dautel\/#breadcrumb","itemListElement":[{"@type":"ListItem","position":1,"name":"Accueil","item":"https:\/\/paroisseaumalebraypicardie.fr\/"},{"@type":"ListItem","position":2,"name":"Accueil","item":"https:\/\/paroisseaumalebraypicardie.fr\/"},{"@type":"ListItem","position":3,"name":"Les Servants d&rsquo;Autel"}]},{"@type":"WebSite","@id":"https:\/\/paroisseaumalebraypicardie.fr\/#website","url":"https:\/\/paroisseaumalebraypicardie.fr\/","name":"Paroisse Aumale Bray Picardie.fr","description":"","publisher":{"@id":"https:\/\/paroisseaumalebraypicardie.fr\/#organization"},"potentialAction":[{"@type":"SearchAction","target":{"@type":"EntryPoint","urlTemplate":"https:\/\/paroisseaumalebraypicardie.fr\/?s={search_term_string}"},"query-input":"required name=search_term_string"}],"inLanguage":"fr-FR"},{"@type":"Organization","@id":"https:\/\/paroisseaumalebraypicardie.fr\/#organization","name":"Paroisse Aumale Bray Picardie","url":"https:\/\/paroisseaumalebraypicardie.fr\/","logo":{"@type":"ImageObject","inLanguage":"fr-FR","@id":"https:\/\/paroisseaumalebraypicardie.fr\/#\/schema\/logo\/image\/","url":"https:\/\/i1.wp.com\/paroisseaumalebraypicardie.fr\/wp-content\/uploads\/2020\/01\/img_1256_47985338107_o-scaled.jpg?fit=2560%2C1912","contentUrl":"https:\/\/i1.wp.com\/paroisseaumalebraypicardie.fr\/wp-content\/uploads\/2020\/01\/img_1256_47985338107_o-scaled.jpg?fit=2560%2C1912","width":2560,"height":1912,"caption":"Paroisse Aumale Bray Picardie"},"image":{"@id":"https:\/\/paroisseaumalebraypicardie.fr\/#\/schema\/logo\/image\/"},"sameAs":["https:\/\/www.instagram.com\/paroisseaumalebp\/?hl=fr","https:\/\/www.youtube.com\/channel\/UCdzO2T1JOuFy9b6jaJdSyaQ?view_as=subscriber","https:\/\/www.facebook.com\/Paroisse-dAumale-1052241828150031","https:\/\/twitter.com\/ParoisseABP"]}]}},"jetpack_sharing_enabled":true,"_links":{"self":[{"href":"https:\/\/paroisseaumalebraypicardie.fr\/index.php\/wp-json\/wp\/v2\/pages\/260"}],"collection":[{"href":"https:\/\/paroisseaumalebraypicardie.fr\/index.php\/wp-json\/wp\/v2\/pages"}],"about":[{"href":"https:\/\/paroisseaumalebraypicardie.fr\/index.php\/wp-json\/wp\/v2\/types\/page"}],"author":[{"embeddable":true,"href":"https:\/\/paroisseaumalebraypicardie.fr\/index.php\/wp-json\/wp\/v2\/users\/1"}],"replies":[{"embeddable":true,"href":"https:\/\/paroisseaumalebraypicardie.fr\/index.php\/wp-json\/wp\/v2\/comments?post=260"}],"version-history":[{"count":8,"href":"https:\/\/paroisseaumalebraypicardie.fr\/index.php\/wp-json\/wp\/v2\/pages\/260\/revisions"}],"predecessor-version":[{"id":385,"href":"https:\/\/paroisseaumalebraypicardie.fr\/index.php\/wp-json\/wp\/v2\/pages\/260\/revisions\/385"}],"up":[{"embeddable":true,"href":"https:\/\/paroisseaumalebraypicardie.fr\/index.php\/wp-json\/wp\/v2\/pages\/15"}],"wp:featuredmedia":[{"embeddable":true,"href":"https:\/\/paroisseaumalebraypicardie.fr\/index.php\/wp-json\/wp\/v2\/media\/262"}],"wp:attachment":[{"href":"https:\/\/paroisseaumalebraypicardie.fr\/index.php\/wp-json\/wp\/v2\/media?parent=260"}],"curies":[{"name":"wp","href":"https:\/\/api.w.org\/{rel}","templated":true}]}}