{"id":268,"date":"2020-01-13T21:04:03","date_gmt":"2020-01-13T20:04:03","guid":{"rendered":"http:\/\/paroisseaumalebraypicardie.fr\/?page_id=268"},"modified":"2020-06-11T14:59:05","modified_gmt":"2020-06-11T12:59:05","slug":"les-etablissement-denseignement-catholique","status":"publish","type":"page","link":"https:\/\/paroisseaumalebraypicardie.fr\/index.php\/horaires-messes-aumale\/les-etablissement-denseignement-catholique\/","title":{"rendered":"Les \u00e9tablissement d&rsquo;enseignement catholique"},"content":{"rendered":"\n<p>La Paroisse compte deux \u00e9tablissements d&rsquo;enseignement catholique : <\/p>\n\n\n\n<h4 class=\"wp-block-heading\">L&rsquo;\u00e9cole Jeanne d&rsquo;Arc<\/h4>\n\n\n\n<p>Accueille vos enfants de la maternelle jusqu&rsquo;au CM2, situ\u00e9 boulevard des Fontaines \u00e0 Aumale. Informations <a href=\"https:\/\/www.enseignement-prive.info\/fiche\/ecole-primaire-et-maternelle-jeanne-d-arc-aumale\/ET076-121\">ICI<\/a> et page Facebook <a href=\"https:\/\/www.facebook.com\/pages\/category\/Elementary-School\/\u00c9cole-Jeanne-dArc-dAumale-536361376535196\/\">ICI<\/a><\/p>\n\n\n\n<figure class=\"wp-block-image size-thumbnail\"><img loading=\"lazy\" decoding=\"async\" width=\"150\" height=\"150\" src=\"https:\/\/i0.wp.com\/paroisseaumalebraypicardie.fr\/wp-content\/uploads\/2020\/02\/48013791753_3a8a201dcf_b.jpg?resize=150%2C150\" alt=\"\" class=\"wp-image-461\" srcset=\"https:\/\/i0.wp.com\/paroisseaumalebraypicardie.fr\/wp-content\/uploads\/2020\/02\/48013791753_3a8a201dcf_b.jpg?resize=150%2C150&amp;ssl=1 150w, https:\/\/i0.wp.com\/paroisseaumalebraypicardie.fr\/wp-content\/uploads\/2020\/02\/48013791753_3a8a201dcf_b.jpg?zoom=2&amp;resize=150%2C150 300w, https:\/\/i0.wp.com\/paroisseaumalebraypicardie.fr\/wp-content\/uploads\/2020\/02\/48013791753_3a8a201dcf_b.jpg?zoom=3&amp;resize=150%2C150 450w\" sizes=\"(max-width: 150px) 100vw, 150px\" data-recalc-dims=\"1\" \/><\/figure>\n\n\n\n<h4 class=\"wp-block-heading\">Le coll\u00e8ge Saint Joseph<\/h4>\n\n\n\n<p>Egalement situ\u00e9 \u00e0 Aumale, le coll\u00e8ge accueille vos enfants de la 6\u00e8 \u00e0 la 3\u00e8me. L&rsquo;\u00e9tablissement propose \u00e9galement un internat, une section football et un dispositif  ULIS-TSLA. Plus d&rsquo;informations sur le site du coll\u00e8ge <a href=\"http:\/\/college-saint-joseph.com\">ICI<\/a> \u00e9t\u00e9 la page Facebook <a href=\"https:\/\/www.facebook.com\/CollegeSaintJosephAumale\/\">ICI<\/a><\/p>\n\n\n\n<figure class=\"wp-block-image size-large\"><img loading=\"lazy\" decoding=\"async\" width=\"512\" height=\"141\" src=\"https:\/\/i0.wp.com\/paroisseaumalebraypicardie.fr\/wp-content\/uploads\/2020\/02\/unnamed.png?resize=512%2C141\" alt=\"\" class=\"wp-image-460\" srcset=\"https:\/\/i0.wp.com\/paroisseaumalebraypicardie.fr\/wp-content\/uploads\/2020\/02\/unnamed.png?w=512&amp;ssl=1 512w, https:\/\/i0.wp.com\/paroisseaumalebraypicardie.fr\/wp-content\/uploads\/2020\/02\/unnamed.png?resize=300%2C83&amp;ssl=1 300w\" sizes=\"(max-width: 512px) 100vw, 512px\" data-recalc-dims=\"1\" \/><\/figure>\n","protected":false},"excerpt":{"rendered":"<p>La Paroisse compte deux \u00e9tablissements d&rsquo;enseignement catholique : L&rsquo;\u00e9cole Jeanne d&rsquo;Arc Accueille vos enfants de la maternelle jusqu&rsquo;au CM2, situ\u00e9 boulevard des Fontaines \u00e0 Aumale. Informations ICI et page Facebook ICI Le coll\u00e8ge Saint Joseph Egalement situ\u00e9 \u00e0 Aumale, le coll\u00e8ge accueille vos enfants de la 6\u00e8 \u00e0 la 3\u00e8me. L&rsquo;\u00e9tablissement propose \u00e9galement un internat,&hellip; <br \/> <a class=\"read-more\" href=\"https:\/\/paroisseaumalebraypicardie.fr\/index.php\/horaires-messes-aumale\/les-etablissement-denseignement-catholique\/\">Lire la suite<\/a><\/p>\n","protected":false},"author":1,"featured_media":269,"parent":15,"menu_order":0,"comment_status":"closed","ping_status":"closed","template":"page-templates\/page-with-left-sidebar.php","meta":{"h5ap_radio_sources":[],"jetpack_post_was_ever_published":false,"footnotes":""},"yoast_head":"<!-- This site is optimized with the Yoast SEO plugin v19.13 - https:\/\/yoast.com\/wordpress\/plugins\/seo\/ -->\n<title>Les \u00e9tablissement d&#039;enseignement catholique - Paroisse Aumale Bray Picardie.fr<\/title>\n<meta name=\"description\" content=\"Site de la paroisse Aumale Bray Picardie - Dioc\u00e8se de Rouen Normandie - Retrouvez ici les horaires des messes, et toutes les informations li\u00e9es aux animations, l&#039;histoire de notre Paroisse Etc...\" \/>\n<meta name=\"robots\" content=\"index, follow, max-snippet:-1, max-image-preview:large, max-video-preview:-1\" \/>\n<link rel=\"canonical\" href=\"https:\/\/paroisseaumalebraypicardie.fr\/index.php\/horaires-messes-aumale\/les-etablissement-denseignement-catholique\/\" \/>\n<meta property=\"og:locale\" content=\"fr_FR\" \/>\n<meta property=\"og:type\" content=\"article\" \/>\n<meta property=\"og:title\" content=\"Les \u00e9tablissement d&#039;enseignement catholique - Paroisse Aumale Bray Picardie.fr\" \/>\n<meta property=\"og:description\" content=\"Site de la paroisse Aumale Bray Picardie - Dioc\u00e8se de Rouen Normandie - Retrouvez ici les horaires des messes, et toutes les informations li\u00e9es aux animations, l&#039;histoire de notre Paroisse Etc...\" \/>\n<meta property=\"og:url\" content=\"https:\/\/paroisseaumalebraypicardie.fr\/index.php\/horaires-messes-aumale\/les-etablissement-denseignement-catholique\/\" \/>\n<meta property=\"og:site_name\" content=\"Paroisse Aumale Bray Picardie.fr\" \/>\n<meta property=\"article:publisher\" content=\"https:\/\/www.facebook.com\/Paroisse-dAumale-1052241828150031\" \/>\n<meta property=\"article:modified_time\" content=\"2020-06-11T12:59:05+00:00\" \/>\n<meta property=\"og:image\" content=\"https:\/\/i0.wp.com\/paroisseaumalebraypicardie.fr\/wp-content\/uploads\/2020\/01\/enseignement-catholique.jpg?fit=600%2C361&ssl=1\" \/>\n\t<meta property=\"og:image:width\" content=\"600\" \/>\n\t<meta property=\"og:image:height\" content=\"361\" \/>\n\t<meta property=\"og:image:type\" content=\"image\/jpeg\" \/>\n<meta name=\"twitter:card\" content=\"summary_large_image\" \/>\n<meta name=\"twitter:site\" content=\"@ParoisseABP\" \/>\n<script type=\"application\/ld+json\" class=\"yoast-schema-graph\">{\"@context\":\"https:\/\/schema.org\",\"@graph\":[{\"@type\":\"WebPage\",\"@id\":\"https:\/\/paroisseaumalebraypicardie.fr\/index.php\/horaires-messes-aumale\/les-etablissement-denseignement-catholique\/\",\"url\":\"https:\/\/paroisseaumalebraypicardie.fr\/index.php\/horaires-messes-aumale\/les-etablissement-denseignement-catholique\/\",\"name\":\"Les \u00e9tablissement d'enseignement catholique - Paroisse Aumale Bray Picardie.fr\",\"isPartOf\":{\"@id\":\"https:\/\/paroisseaumalebraypicardie.fr\/#website\"},\"datePublished\":\"2020-01-13T20:04:03+00:00\",\"dateModified\":\"2020-06-11T12:59:05+00:00\",\"description\":\"Site de la paroisse Aumale Bray Picardie - Dioc\u00e8se de Rouen Normandie - Retrouvez ici les horaires des messes, et toutes les informations li\u00e9es aux animations, l'histoire de notre Paroisse Etc...\",\"breadcrumb\":{\"@id\":\"https:\/\/paroisseaumalebraypicardie.fr\/index.php\/horaires-messes-aumale\/les-etablissement-denseignement-catholique\/#breadcrumb\"},\"inLanguage\":\"fr-FR\",\"potentialAction\":[{\"@type\":\"ReadAction\",\"target\":[\"https:\/\/paroisseaumalebraypicardie.fr\/index.php\/horaires-messes-aumale\/les-etablissement-denseignement-catholique\/\"]}]},{\"@type\":\"BreadcrumbList\",\"@id\":\"https:\/\/paroisseaumalebraypicardie.fr\/index.php\/horaires-messes-aumale\/les-etablissement-denseignement-catholique\/#breadcrumb\",\"itemListElement\":[{\"@type\":\"ListItem\",\"position\":1,\"name\":\"Accueil\",\"item\":\"https:\/\/paroisseaumalebraypicardie.fr\/\"},{\"@type\":\"ListItem\",\"position\":2,\"name\":\"Accueil\",\"item\":\"https:\/\/paroisseaumalebraypicardie.fr\/\"},{\"@type\":\"ListItem\",\"position\":3,\"name\":\"Les \u00e9tablissement d&rsquo;enseignement catholique\"}]},{\"@type\":\"WebSite\",\"@id\":\"https:\/\/paroisseaumalebraypicardie.fr\/#website\",\"url\":\"https:\/\/paroisseaumalebraypicardie.fr\/\",\"name\":\"Paroisse Aumale Bray Picardie.fr\",\"description\":\"\",\"publisher\":{\"@id\":\"https:\/\/paroisseaumalebraypicardie.fr\/#organization\"},\"potentialAction\":[{\"@type\":\"SearchAction\",\"target\":{\"@type\":\"EntryPoint\",\"urlTemplate\":\"https:\/\/paroisseaumalebraypicardie.fr\/?s={search_term_string}\"},\"query-input\":\"required name=search_term_string\"}],\"inLanguage\":\"fr-FR\"},{\"@type\":\"Organization\",\"@id\":\"https:\/\/paroisseaumalebraypicardie.fr\/#organization\",\"name\":\"Paroisse Aumale Bray Picardie\",\"url\":\"https:\/\/paroisseaumalebraypicardie.fr\/\",\"logo\":{\"@type\":\"ImageObject\",\"inLanguage\":\"fr-FR\",\"@id\":\"https:\/\/paroisseaumalebraypicardie.fr\/#\/schema\/logo\/image\/\",\"url\":\"https:\/\/i1.wp.com\/paroisseaumalebraypicardie.fr\/wp-content\/uploads\/2020\/01\/img_1256_47985338107_o-scaled.jpg?fit=2560%2C1912\",\"contentUrl\":\"https:\/\/i1.wp.com\/paroisseaumalebraypicardie.fr\/wp-content\/uploads\/2020\/01\/img_1256_47985338107_o-scaled.jpg?fit=2560%2C1912\",\"width\":2560,\"height\":1912,\"caption\":\"Paroisse Aumale Bray Picardie\"},\"image\":{\"@id\":\"https:\/\/paroisseaumalebraypicardie.fr\/#\/schema\/logo\/image\/\"},\"sameAs\":[\"https:\/\/www.instagram.com\/paroisseaumalebp\/?hl=fr\",\"https:\/\/www.youtube.com\/channel\/UCdzO2T1JOuFy9b6jaJdSyaQ?view_as=subscriber\",\"https:\/\/www.facebook.com\/Paroisse-dAumale-1052241828150031\",\"https:\/\/twitter.com\/ParoisseABP\"]}]}<\/script>\n<!-- \/ Yoast SEO plugin. -->","yoast_head_json":{"title":"Les \u00e9tablissement d'enseignement catholique - Paroisse Aumale Bray Picardie.fr","description":"Site de la paroisse Aumale Bray Picardie - Dioc\u00e8se de Rouen Normandie - Retrouvez ici les horaires des messes, et toutes les informations li\u00e9es aux animations, l'histoire de notre Paroisse Etc...","robots":{"index":"index","follow":"follow","max-snippet":"max-snippet:-1","max-image-preview":"max-image-preview:large","max-video-preview":"max-video-preview:-1"},"canonical":"https:\/\/paroisseaumalebraypicardie.fr\/index.php\/horaires-messes-aumale\/les-etablissement-denseignement-catholique\/","og_locale":"fr_FR","og_type":"article","og_title":"Les \u00e9tablissement d'enseignement catholique - Paroisse Aumale Bray Picardie.fr","og_description":"Site de la paroisse Aumale Bray Picardie - Dioc\u00e8se de Rouen Normandie - Retrouvez ici les horaires des messes, et toutes les informations li\u00e9es aux animations, l'histoire de notre Paroisse Etc...","og_url":"https:\/\/paroisseaumalebraypicardie.fr\/index.php\/horaires-messes-aumale\/les-etablissement-denseignement-catholique\/","og_site_name":"Paroisse Aumale Bray Picardie.fr","article_publisher":"https:\/\/www.facebook.com\/Paroisse-dAumale-1052241828150031","article_modified_time":"2020-06-11T12:59:05+00:00","og_image":[{"width":600,"height":361,"url":"https:\/\/i0.wp.com\/paroisseaumalebraypicardie.fr\/wp-content\/uploads\/2020\/01\/enseignement-catholique.jpg?fit=600%2C361&ssl=1","type":"image\/jpeg"}],"twitter_card":"summary_large_image","twitter_site":"@ParoisseABP","schema":{"@context":"https:\/\/schema.org","@graph":[{"@type":"WebPage","@id":"https:\/\/paroisseaumalebraypicardie.fr\/index.php\/horaires-messes-aumale\/les-etablissement-denseignement-catholique\/","url":"https:\/\/paroisseaumalebraypicardie.fr\/index.php\/horaires-messes-aumale\/les-etablissement-denseignement-catholique\/","name":"Les \u00e9tablissement d'enseignement catholique - Paroisse Aumale Bray Picardie.fr","isPartOf":{"@id":"https:\/\/paroisseaumalebraypicardie.fr\/#website"},"datePublished":"2020-01-13T20:04:03+00:00","dateModified":"2020-06-11T12:59:05+00:00","description":"Site de la paroisse Aumale Bray Picardie - Dioc\u00e8se de Rouen Normandie - Retrouvez ici les horaires des messes, et toutes les informations li\u00e9es aux animations, l'histoire de notre Paroisse Etc...","breadcrumb":{"@id":"https:\/\/paroisseaumalebraypicardie.fr\/index.php\/horaires-messes-aumale\/les-etablissement-denseignement-catholique\/#breadcrumb"},"inLanguage":"fr-FR","potentialAction":[{"@type":"ReadAction","target":["https:\/\/paroisseaumalebraypicardie.fr\/index.php\/horaires-messes-aumale\/les-etablissement-denseignement-catholique\/"]}]},{"@type":"BreadcrumbList","@id":"https:\/\/paroisseaumalebraypicardie.fr\/index.php\/horaires-messes-aumale\/les-etablissement-denseignement-catholique\/#breadcrumb","itemListElement":[{"@type":"ListItem","position":1,"name":"Accueil","item":"https:\/\/paroisseaumalebraypicardie.fr\/"},{"@type":"ListItem","position":2,"name":"Accueil","item":"https:\/\/paroisseaumalebraypicardie.fr\/"},{"@type":"ListItem","position":3,"name":"Les \u00e9tablissement d&rsquo;enseignement catholique"}]},{"@type":"WebSite","@id":"https:\/\/paroisseaumalebraypicardie.fr\/#website","url":"https:\/\/paroisseaumalebraypicardie.fr\/","name":"Paroisse Aumale Bray Picardie.fr","description":"","publisher":{"@id":"https:\/\/paroisseaumalebraypicardie.fr\/#organization"},"potentialAction":[{"@type":"SearchAction","target":{"@type":"EntryPoint","urlTemplate":"https:\/\/paroisseaumalebraypicardie.fr\/?s={search_term_string}"},"query-input":"required name=search_term_string"}],"inLanguage":"fr-FR"},{"@type":"Organization","@id":"https:\/\/paroisseaumalebraypicardie.fr\/#organization","name":"Paroisse Aumale Bray Picardie","url":"https:\/\/paroisseaumalebraypicardie.fr\/","logo":{"@type":"ImageObject","inLanguage":"fr-FR","@id":"https:\/\/paroisseaumalebraypicardie.fr\/#\/schema\/logo\/image\/","url":"https:\/\/i1.wp.com\/paroisseaumalebraypicardie.fr\/wp-content\/uploads\/2020\/01\/img_1256_47985338107_o-scaled.jpg?fit=2560%2C1912","contentUrl":"https:\/\/i1.wp.com\/paroisseaumalebraypicardie.fr\/wp-content\/uploads\/2020\/01\/img_1256_47985338107_o-scaled.jpg?fit=2560%2C1912","width":2560,"height":1912,"caption":"Paroisse Aumale Bray Picardie"},"image":{"@id":"https:\/\/paroisseaumalebraypicardie.fr\/#\/schema\/logo\/image\/"},"sameAs":["https:\/\/www.instagram.com\/paroisseaumalebp\/?hl=fr","https:\/\/www.youtube.com\/channel\/UCdzO2T1JOuFy9b6jaJdSyaQ?view_as=subscriber","https:\/\/www.facebook.com\/Paroisse-dAumale-1052241828150031","https:\/\/twitter.com\/ParoisseABP"]}]}},"jetpack_sharing_enabled":true,"_links":{"self":[{"href":"https:\/\/paroisseaumalebraypicardie.fr\/index.php\/wp-json\/wp\/v2\/pages\/268"}],"collection":[{"href":"https:\/\/paroisseaumalebraypicardie.fr\/index.php\/wp-json\/wp\/v2\/pages"}],"about":[{"href":"https:\/\/paroisseaumalebraypicardie.fr\/index.php\/wp-json\/wp\/v2\/types\/page"}],"author":[{"embeddable":true,"href":"https:\/\/paroisseaumalebraypicardie.fr\/index.php\/wp-json\/wp\/v2\/users\/1"}],"replies":[{"embeddable":true,"href":"https:\/\/paroisseaumalebraypicardie.fr\/index.php\/wp-json\/wp\/v2\/comments?post=268"}],"version-history":[{"count":3,"href":"https:\/\/paroisseaumalebraypicardie.fr\/index.php\/wp-json\/wp\/v2\/pages\/268\/revisions"}],"predecessor-version":[{"id":462,"href":"https:\/\/paroisseaumalebraypicardie.fr\/index.php\/wp-json\/wp\/v2\/pages\/268\/revisions\/462"}],"up":[{"embeddable":true,"href":"https:\/\/paroisseaumalebraypicardie.fr\/index.php\/wp-json\/wp\/v2\/pages\/15"}],"wp:featuredmedia":[{"embeddable":true,"href":"https:\/\/paroisseaumalebraypicardie.fr\/index.php\/wp-json\/wp\/v2\/media\/269"}],"wp:attachment":[{"href":"https:\/\/paroisseaumalebraypicardie.fr\/index.php\/wp-json\/wp\/v2\/media?parent=268"}],"curies":[{"name":"wp","href":"https:\/\/api.w.org\/{rel}","templated":true}]}}