{"id":4912,"date":"2020-06-11T14:09:03","date_gmt":"2020-06-11T12:09:03","guid":{"rendered":"http:\/\/paroisseaumalebraypicardie.fr\/?page_id=4912"},"modified":"2020-06-12T11:36:25","modified_gmt":"2020-06-12T09:36:25","slug":"communaute-de-priere-de-la-paroisse","status":"publish","type":"page","link":"https:\/\/paroisseaumalebraypicardie.fr\/index.php\/communaute-de-priere-de-la-paroisse\/","title":{"rendered":"Communaut\u00e9 de Pri\u00e8re de la Paroisse"},"content":{"rendered":"\n<iframe loading=\"lazy\" width=\"1000\" height=\"638\" src=\"https:\/\/hozana.org\/widget\/communaute\/9135\" style=\"border:none;\" frameborder=\"0\"><\/iframe>\n    <p style=\"font-size:10px; color:#777; text-align:center\">\n      <a style=\"color:#999\" href=\"https:\/\/hozana.org\/communaute\/9135-espace-de-priere-de-la-paroisse-aumale-bray-picardie\">Espace de Pri\u00e8re de la Paroisse Aumale Bray Picardie<\/a>\n      sur\n      <a style=\"color:#777\" href=\"https:\/\/hozana.org\/\">Hozana<\/a>\n    <\/p>\n","protected":false},"excerpt":{"rendered":"<p>Espace de Pri\u00e8re de la Paroisse Aumale Bray Picardie sur Hozana<\/p>\n","protected":false},"author":1,"featured_media":0,"parent":0,"menu_order":0,"comment_status":"closed","ping_status":"closed","template":"page-templates\/page-with-left-sidebar.php","meta":{"h5ap_radio_sources":[],"jetpack_post_was_ever_published":false,"footnotes":""},"yoast_head":"<!-- This site is optimized with the Yoast SEO plugin v19.13 - https:\/\/yoast.com\/wordpress\/plugins\/seo\/ -->\n<title>Communaut\u00e9 de Pri\u00e8re de la Paroisse - Paroisse Aumale Bray Picardie.fr<\/title>\n<meta name=\"description\" content=\"Site de la paroisse Aumale Bray Picardie - Dioc\u00e8se de Rouen Normandie - Retrouvez ici les horaires des messes, et toutes les informations li\u00e9es aux animations, l&#039;histoire de notre Paroisse Etc...\" \/>\n<meta name=\"robots\" content=\"index, follow, max-snippet:-1, max-image-preview:large, max-video-preview:-1\" \/>\n<link rel=\"canonical\" href=\"https:\/\/paroisseaumalebraypicardie.fr\/index.php\/communaute-de-priere-de-la-paroisse\/\" \/>\n<meta property=\"og:locale\" content=\"fr_FR\" \/>\n<meta property=\"og:type\" content=\"article\" \/>\n<meta property=\"og:title\" content=\"Communaut\u00e9 de Pri\u00e8re de la Paroisse - Paroisse Aumale Bray Picardie.fr\" \/>\n<meta property=\"og:description\" content=\"Site de la paroisse Aumale Bray Picardie - Dioc\u00e8se de Rouen Normandie - Retrouvez ici les horaires des messes, et toutes les informations li\u00e9es aux animations, l&#039;histoire de notre Paroisse Etc...\" \/>\n<meta property=\"og:url\" content=\"https:\/\/paroisseaumalebraypicardie.fr\/index.php\/communaute-de-priere-de-la-paroisse\/\" \/>\n<meta property=\"og:site_name\" content=\"Paroisse Aumale Bray Picardie.fr\" \/>\n<meta property=\"article:publisher\" content=\"https:\/\/www.facebook.com\/Paroisse-dAumale-1052241828150031\" \/>\n<meta property=\"article:modified_time\" content=\"2020-06-12T09:36:25+00:00\" \/>\n<meta name=\"twitter:card\" content=\"summary_large_image\" \/>\n<meta name=\"twitter:site\" content=\"@ParoisseABP\" \/>\n<script type=\"application\/ld+json\" class=\"yoast-schema-graph\">{\"@context\":\"https:\/\/schema.org\",\"@graph\":[{\"@type\":\"WebPage\",\"@id\":\"https:\/\/paroisseaumalebraypicardie.fr\/index.php\/communaute-de-priere-de-la-paroisse\/\",\"url\":\"https:\/\/paroisseaumalebraypicardie.fr\/index.php\/communaute-de-priere-de-la-paroisse\/\",\"name\":\"Communaut\u00e9 de Pri\u00e8re de la Paroisse - Paroisse Aumale Bray Picardie.fr\",\"isPartOf\":{\"@id\":\"https:\/\/paroisseaumalebraypicardie.fr\/#website\"},\"datePublished\":\"2020-06-11T12:09:03+00:00\",\"dateModified\":\"2020-06-12T09:36:25+00:00\",\"description\":\"Site de la paroisse Aumale Bray Picardie - Dioc\u00e8se de Rouen Normandie - Retrouvez ici les horaires des messes, et toutes les informations li\u00e9es aux animations, l'histoire de notre Paroisse Etc...\",\"breadcrumb\":{\"@id\":\"https:\/\/paroisseaumalebraypicardie.fr\/index.php\/communaute-de-priere-de-la-paroisse\/#breadcrumb\"},\"inLanguage\":\"fr-FR\",\"potentialAction\":[{\"@type\":\"ReadAction\",\"target\":[\"https:\/\/paroisseaumalebraypicardie.fr\/index.php\/communaute-de-priere-de-la-paroisse\/\"]}]},{\"@type\":\"BreadcrumbList\",\"@id\":\"https:\/\/paroisseaumalebraypicardie.fr\/index.php\/communaute-de-priere-de-la-paroisse\/#breadcrumb\",\"itemListElement\":[{\"@type\":\"ListItem\",\"position\":1,\"name\":\"Accueil\",\"item\":\"https:\/\/paroisseaumalebraypicardie.fr\/\"},{\"@type\":\"ListItem\",\"position\":2,\"name\":\"Communaut\u00e9 de Pri\u00e8re de la Paroisse\"}]},{\"@type\":\"WebSite\",\"@id\":\"https:\/\/paroisseaumalebraypicardie.fr\/#website\",\"url\":\"https:\/\/paroisseaumalebraypicardie.fr\/\",\"name\":\"Paroisse Aumale Bray Picardie.fr\",\"description\":\"\",\"publisher\":{\"@id\":\"https:\/\/paroisseaumalebraypicardie.fr\/#organization\"},\"potentialAction\":[{\"@type\":\"SearchAction\",\"target\":{\"@type\":\"EntryPoint\",\"urlTemplate\":\"https:\/\/paroisseaumalebraypicardie.fr\/?s={search_term_string}\"},\"query-input\":\"required name=search_term_string\"}],\"inLanguage\":\"fr-FR\"},{\"@type\":\"Organization\",\"@id\":\"https:\/\/paroisseaumalebraypicardie.fr\/#organization\",\"name\":\"Paroisse Aumale Bray Picardie\",\"url\":\"https:\/\/paroisseaumalebraypicardie.fr\/\",\"logo\":{\"@type\":\"ImageObject\",\"inLanguage\":\"fr-FR\",\"@id\":\"https:\/\/paroisseaumalebraypicardie.fr\/#\/schema\/logo\/image\/\",\"url\":\"https:\/\/i1.wp.com\/paroisseaumalebraypicardie.fr\/wp-content\/uploads\/2020\/01\/img_1256_47985338107_o-scaled.jpg?fit=2560%2C1912\",\"contentUrl\":\"https:\/\/i1.wp.com\/paroisseaumalebraypicardie.fr\/wp-content\/uploads\/2020\/01\/img_1256_47985338107_o-scaled.jpg?fit=2560%2C1912\",\"width\":2560,\"height\":1912,\"caption\":\"Paroisse Aumale Bray Picardie\"},\"image\":{\"@id\":\"https:\/\/paroisseaumalebraypicardie.fr\/#\/schema\/logo\/image\/\"},\"sameAs\":[\"https:\/\/www.instagram.com\/paroisseaumalebp\/?hl=fr\",\"https:\/\/www.youtube.com\/channel\/UCdzO2T1JOuFy9b6jaJdSyaQ?view_as=subscriber\",\"https:\/\/www.facebook.com\/Paroisse-dAumale-1052241828150031\",\"https:\/\/twitter.com\/ParoisseABP\"]}]}<\/script>\n<!-- \/ Yoast SEO plugin. -->","yoast_head_json":{"title":"Communaut\u00e9 de Pri\u00e8re de la Paroisse - Paroisse Aumale Bray Picardie.fr","description":"Site de la paroisse Aumale Bray Picardie - Dioc\u00e8se de Rouen Normandie - Retrouvez ici les horaires des messes, et toutes les informations li\u00e9es aux animations, l'histoire de notre Paroisse Etc...","robots":{"index":"index","follow":"follow","max-snippet":"max-snippet:-1","max-image-preview":"max-image-preview:large","max-video-preview":"max-video-preview:-1"},"canonical":"https:\/\/paroisseaumalebraypicardie.fr\/index.php\/communaute-de-priere-de-la-paroisse\/","og_locale":"fr_FR","og_type":"article","og_title":"Communaut\u00e9 de Pri\u00e8re de la Paroisse - Paroisse Aumale Bray Picardie.fr","og_description":"Site de la paroisse Aumale Bray Picardie - Dioc\u00e8se de Rouen Normandie - Retrouvez ici les horaires des messes, et toutes les informations li\u00e9es aux animations, l'histoire de notre Paroisse Etc...","og_url":"https:\/\/paroisseaumalebraypicardie.fr\/index.php\/communaute-de-priere-de-la-paroisse\/","og_site_name":"Paroisse Aumale Bray Picardie.fr","article_publisher":"https:\/\/www.facebook.com\/Paroisse-dAumale-1052241828150031","article_modified_time":"2020-06-12T09:36:25+00:00","twitter_card":"summary_large_image","twitter_site":"@ParoisseABP","schema":{"@context":"https:\/\/schema.org","@graph":[{"@type":"WebPage","@id":"https:\/\/paroisseaumalebraypicardie.fr\/index.php\/communaute-de-priere-de-la-paroisse\/","url":"https:\/\/paroisseaumalebraypicardie.fr\/index.php\/communaute-de-priere-de-la-paroisse\/","name":"Communaut\u00e9 de Pri\u00e8re de la Paroisse - Paroisse Aumale Bray Picardie.fr","isPartOf":{"@id":"https:\/\/paroisseaumalebraypicardie.fr\/#website"},"datePublished":"2020-06-11T12:09:03+00:00","dateModified":"2020-06-12T09:36:25+00:00","description":"Site de la paroisse Aumale Bray Picardie - Dioc\u00e8se de Rouen Normandie - Retrouvez ici les horaires des messes, et toutes les informations li\u00e9es aux animations, l'histoire de notre Paroisse Etc...","breadcrumb":{"@id":"https:\/\/paroisseaumalebraypicardie.fr\/index.php\/communaute-de-priere-de-la-paroisse\/#breadcrumb"},"inLanguage":"fr-FR","potentialAction":[{"@type":"ReadAction","target":["https:\/\/paroisseaumalebraypicardie.fr\/index.php\/communaute-de-priere-de-la-paroisse\/"]}]},{"@type":"BreadcrumbList","@id":"https:\/\/paroisseaumalebraypicardie.fr\/index.php\/communaute-de-priere-de-la-paroisse\/#breadcrumb","itemListElement":[{"@type":"ListItem","position":1,"name":"Accueil","item":"https:\/\/paroisseaumalebraypicardie.fr\/"},{"@type":"ListItem","position":2,"name":"Communaut\u00e9 de Pri\u00e8re de la Paroisse"}]},{"@type":"WebSite","@id":"https:\/\/paroisseaumalebraypicardie.fr\/#website","url":"https:\/\/paroisseaumalebraypicardie.fr\/","name":"Paroisse Aumale Bray Picardie.fr","description":"","publisher":{"@id":"https:\/\/paroisseaumalebraypicardie.fr\/#organization"},"potentialAction":[{"@type":"SearchAction","target":{"@type":"EntryPoint","urlTemplate":"https:\/\/paroisseaumalebraypicardie.fr\/?s={search_term_string}"},"query-input":"required name=search_term_string"}],"inLanguage":"fr-FR"},{"@type":"Organization","@id":"https:\/\/paroisseaumalebraypicardie.fr\/#organization","name":"Paroisse Aumale Bray Picardie","url":"https:\/\/paroisseaumalebraypicardie.fr\/","logo":{"@type":"ImageObject","inLanguage":"fr-FR","@id":"https:\/\/paroisseaumalebraypicardie.fr\/#\/schema\/logo\/image\/","url":"https:\/\/i1.wp.com\/paroisseaumalebraypicardie.fr\/wp-content\/uploads\/2020\/01\/img_1256_47985338107_o-scaled.jpg?fit=2560%2C1912","contentUrl":"https:\/\/i1.wp.com\/paroisseaumalebraypicardie.fr\/wp-content\/uploads\/2020\/01\/img_1256_47985338107_o-scaled.jpg?fit=2560%2C1912","width":2560,"height":1912,"caption":"Paroisse Aumale Bray Picardie"},"image":{"@id":"https:\/\/paroisseaumalebraypicardie.fr\/#\/schema\/logo\/image\/"},"sameAs":["https:\/\/www.instagram.com\/paroisseaumalebp\/?hl=fr","https:\/\/www.youtube.com\/channel\/UCdzO2T1JOuFy9b6jaJdSyaQ?view_as=subscriber","https:\/\/www.facebook.com\/Paroisse-dAumale-1052241828150031","https:\/\/twitter.com\/ParoisseABP"]}]}},"jetpack_sharing_enabled":true,"_links":{"self":[{"href":"https:\/\/paroisseaumalebraypicardie.fr\/index.php\/wp-json\/wp\/v2\/pages\/4912"}],"collection":[{"href":"https:\/\/paroisseaumalebraypicardie.fr\/index.php\/wp-json\/wp\/v2\/pages"}],"about":[{"href":"https:\/\/paroisseaumalebraypicardie.fr\/index.php\/wp-json\/wp\/v2\/types\/page"}],"author":[{"embeddable":true,"href":"https:\/\/paroisseaumalebraypicardie.fr\/index.php\/wp-json\/wp\/v2\/users\/1"}],"replies":[{"embeddable":true,"href":"https:\/\/paroisseaumalebraypicardie.fr\/index.php\/wp-json\/wp\/v2\/comments?post=4912"}],"version-history":[{"count":6,"href":"https:\/\/paroisseaumalebraypicardie.fr\/index.php\/wp-json\/wp\/v2\/pages\/4912\/revisions"}],"predecessor-version":[{"id":4981,"href":"https:\/\/paroisseaumalebraypicardie.fr\/index.php\/wp-json\/wp\/v2\/pages\/4912\/revisions\/4981"}],"wp:attachment":[{"href":"https:\/\/paroisseaumalebraypicardie.fr\/index.php\/wp-json\/wp\/v2\/media?parent=4912"}],"curies":[{"name":"wp","href":"https:\/\/api.w.org\/{rel}","templated":true}]}}