{"id":4915,"date":"2020-06-11T14:12:21","date_gmt":"2020-06-11T12:12:21","guid":{"rendered":"http:\/\/paroisseaumalebraypicardie.fr\/?page_id=4915"},"modified":"2020-06-12T17:00:51","modified_gmt":"2020-06-12T15:00:51","slug":"des-prieres-pour-prier-chez-soi","status":"publish","type":"page","link":"https:\/\/paroisseaumalebraypicardie.fr\/index.php\/des-prieres-pour-prier-chez-soi\/","title":{"rendered":"Des pri\u00e8res pour prier chez soi"},"content":{"rendered":"\n<h6 class=\"wp-block-heading\">Cliquez <a href=\"http:\/\/paroisseaumalebraypicardie.fr\/index.php\/des-prieres-pour-prier-chez-soi\/hymnes-et-cantiques\/\">ici<\/a> pour acc\u00e9dez aux chants et cantiques<\/h6>\n\n\n\n<h4 class=\"has-luminous-vivid-orange-color has-text-color wp-block-heading\">Notre P\u00e8re<\/h4>\n\n\n\n<p>Notre P\u00e8re, qui est aux cieux,<br>que ton nom soit sanctifi\u00e9,<br>que ton r\u00e8gne vienne,<br>que ta volont\u00e9 soit faite sur la terre comme au ciel.<br>Donne-nous aujourd\u2019hui notre pain de ce jour.<br>Pardonne-nous nos offenses,<br>comme nous pardonnons aussi \u00e0 ceux qui nous ont offens\u00e9s.<br>Et ne nous laisse pas entrer en tentation<br>mais d\u00e9livre-nous du Mal.<\/p>\n\n\n\n<p>Amen<\/p>\n\n\n\n<h4 class=\"has-luminous-vivid-orange-color has-text-color wp-block-heading\">Je vous salue Marie<\/h4>\n\n\n\n<p>Je vous salue, Marie pleine de gr\u00e2ce ;<br>Le Seigneur est avec vous.<br>Vous \u00eates b\u00e9nie entre toutes les femmes<br>Et J\u00e9sus, le fruit de vos entrailles, est b\u00e9ni.<br>Sainte Marie, M\u00e8re de Dieu,<br>Priez pour nous pauvres p\u00e9cheurs,<br>Maintenant et \u00e0 l\u2019heure de notre mort.<\/p>\n\n\n\n<p>Amen<\/p>\n\n\n\n<h4 class=\"has-luminous-vivid-orange-color has-text-color wp-block-heading\">Cr\u00e9do<\/h4>\n\n\n\n<p>Je crois en Dieu, le P\u00e8re tout-puissant,<br>Cr\u00e9ateur du ciel et de la terre.<br>Et en J\u00e9sus Christ, son Fils unique, notre Seigneur ;<br>qui a \u00e9t\u00e9 con\u00e7u du Saint Esprit, est n\u00e9 de la Vierge Marie,<br>a souffert sous Ponce Pilate, a \u00e9t\u00e9 crucifi\u00e9,<br>est mort et a \u00e9t\u00e9 enseveli, est descendu aux enfers ;<br>le troisi\u00e8me jour est ressuscit\u00e9 des morts,<br>est mont\u00e9 aux cieux, est assis \u00e0 la droite de Dieu le P\u00e8re tout-puissant,<br>d\u2019o\u00f9 il viendra juger les vivants et les morts.<br>Je crois en l\u2019Esprit Saint, \u00e0 la sainte \u00c9glise catholique, \u00e0 la communion des saints,<br>\u00e0 la r\u00e9mission des p\u00e9ch\u00e9s, \u00e0 la&nbsp;r\u00e9surrection&nbsp;de la chair, \u00e0 la vie \u00e9ternelle.<\/p>\n\n\n\n<p>Amen<\/p>\n\n\n\n<h6 class=\"wp-block-heading\">Cliquez <a href=\"http:\/\/paroisseaumalebraypicardie.fr\/index.php\/des-prieres-pour-prier-chez-soi\/hymnes-et-cantiques\/\">ici<\/a> pour acc\u00e9dez aux chants et cantiques<\/h6>\n","protected":false},"excerpt":{"rendered":"<p>Cliquez ici pour acc\u00e9dez aux chants et cantiques Notre P\u00e8re Notre P\u00e8re, qui est aux cieux,que ton nom soit sanctifi\u00e9,que ton r\u00e8gne vienne,que ta volont\u00e9 soit faite sur la terre comme au ciel.Donne-nous aujourd\u2019hui notre pain de ce jour.Pardonne-nous nos offenses,comme nous pardonnons aussi \u00e0 ceux qui nous ont offens\u00e9s.Et ne nous laisse pas entrer&hellip; <br \/> <a class=\"read-more\" href=\"https:\/\/paroisseaumalebraypicardie.fr\/index.php\/des-prieres-pour-prier-chez-soi\/\">Lire la suite<\/a><\/p>\n","protected":false},"author":1,"featured_media":4763,"parent":0,"menu_order":0,"comment_status":"closed","ping_status":"closed","template":"page-templates\/page-with-left-sidebar.php","meta":{"h5ap_radio_sources":[],"jetpack_post_was_ever_published":false,"footnotes":""},"yoast_head":"<!-- This site is optimized with the Yoast SEO plugin v19.13 - https:\/\/yoast.com\/wordpress\/plugins\/seo\/ -->\n<title>Des pri\u00e8res pour prier chez soi - Paroisse Aumale Bray Picardie.fr<\/title>\n<meta name=\"description\" content=\"Site de la paroisse Aumale Bray Picardie - Dioc\u00e8se de Rouen Normandie - Retrouvez ici les horaires des messes, et toutes les informations li\u00e9es aux animations, l&#039;histoire de notre Paroisse Etc...\" \/>\n<meta name=\"robots\" content=\"index, follow, max-snippet:-1, max-image-preview:large, max-video-preview:-1\" \/>\n<link rel=\"canonical\" href=\"https:\/\/paroisseaumalebraypicardie.fr\/index.php\/des-prieres-pour-prier-chez-soi\/\" \/>\n<meta property=\"og:locale\" content=\"fr_FR\" \/>\n<meta property=\"og:type\" content=\"article\" \/>\n<meta property=\"og:title\" content=\"Des pri\u00e8res pour prier chez soi - Paroisse Aumale Bray Picardie.fr\" \/>\n<meta property=\"og:description\" content=\"Site de la paroisse Aumale Bray Picardie - Dioc\u00e8se de Rouen Normandie - Retrouvez ici les horaires des messes, et toutes les informations li\u00e9es aux animations, l&#039;histoire de notre Paroisse Etc...\" \/>\n<meta property=\"og:url\" content=\"https:\/\/paroisseaumalebraypicardie.fr\/index.php\/des-prieres-pour-prier-chez-soi\/\" \/>\n<meta property=\"og:site_name\" content=\"Paroisse Aumale Bray Picardie.fr\" \/>\n<meta property=\"article:publisher\" content=\"https:\/\/www.facebook.com\/Paroisse-dAumale-1052241828150031\" \/>\n<meta property=\"article:modified_time\" content=\"2020-06-12T15:00:51+00:00\" \/>\n<meta property=\"og:image\" content=\"https:\/\/i0.wp.com\/paroisseaumalebraypicardie.fr\/wp-content\/uploads\/2020\/06\/church-4670590__480.jpg?fit=281%2C480&ssl=1\" \/>\n\t<meta property=\"og:image:width\" content=\"281\" \/>\n\t<meta property=\"og:image:height\" content=\"480\" \/>\n\t<meta property=\"og:image:type\" content=\"image\/jpeg\" \/>\n<meta name=\"twitter:card\" content=\"summary_large_image\" \/>\n<meta name=\"twitter:site\" content=\"@ParoisseABP\" \/>\n<meta name=\"twitter:label1\" content=\"Dur\u00e9e de lecture estim\u00e9e\" \/>\n\t<meta name=\"twitter:data1\" content=\"1 minute\" \/>\n<script type=\"application\/ld+json\" class=\"yoast-schema-graph\">{\"@context\":\"https:\/\/schema.org\",\"@graph\":[{\"@type\":\"WebPage\",\"@id\":\"https:\/\/paroisseaumalebraypicardie.fr\/index.php\/des-prieres-pour-prier-chez-soi\/\",\"url\":\"https:\/\/paroisseaumalebraypicardie.fr\/index.php\/des-prieres-pour-prier-chez-soi\/\",\"name\":\"Des pri\u00e8res pour prier chez soi - Paroisse Aumale Bray Picardie.fr\",\"isPartOf\":{\"@id\":\"https:\/\/paroisseaumalebraypicardie.fr\/#website\"},\"datePublished\":\"2020-06-11T12:12:21+00:00\",\"dateModified\":\"2020-06-12T15:00:51+00:00\",\"description\":\"Site de la paroisse Aumale Bray Picardie - Dioc\u00e8se de Rouen Normandie - Retrouvez ici les horaires des messes, et toutes les informations li\u00e9es aux animations, l'histoire de notre Paroisse Etc...\",\"breadcrumb\":{\"@id\":\"https:\/\/paroisseaumalebraypicardie.fr\/index.php\/des-prieres-pour-prier-chez-soi\/#breadcrumb\"},\"inLanguage\":\"fr-FR\",\"potentialAction\":[{\"@type\":\"ReadAction\",\"target\":[\"https:\/\/paroisseaumalebraypicardie.fr\/index.php\/des-prieres-pour-prier-chez-soi\/\"]}]},{\"@type\":\"BreadcrumbList\",\"@id\":\"https:\/\/paroisseaumalebraypicardie.fr\/index.php\/des-prieres-pour-prier-chez-soi\/#breadcrumb\",\"itemListElement\":[{\"@type\":\"ListItem\",\"position\":1,\"name\":\"Accueil\",\"item\":\"https:\/\/paroisseaumalebraypicardie.fr\/\"},{\"@type\":\"ListItem\",\"position\":2,\"name\":\"Des pri\u00e8res pour prier chez soi\"}]},{\"@type\":\"WebSite\",\"@id\":\"https:\/\/paroisseaumalebraypicardie.fr\/#website\",\"url\":\"https:\/\/paroisseaumalebraypicardie.fr\/\",\"name\":\"Paroisse Aumale Bray Picardie.fr\",\"description\":\"\",\"publisher\":{\"@id\":\"https:\/\/paroisseaumalebraypicardie.fr\/#organization\"},\"potentialAction\":[{\"@type\":\"SearchAction\",\"target\":{\"@type\":\"EntryPoint\",\"urlTemplate\":\"https:\/\/paroisseaumalebraypicardie.fr\/?s={search_term_string}\"},\"query-input\":\"required name=search_term_string\"}],\"inLanguage\":\"fr-FR\"},{\"@type\":\"Organization\",\"@id\":\"https:\/\/paroisseaumalebraypicardie.fr\/#organization\",\"name\":\"Paroisse Aumale Bray Picardie\",\"url\":\"https:\/\/paroisseaumalebraypicardie.fr\/\",\"logo\":{\"@type\":\"ImageObject\",\"inLanguage\":\"fr-FR\",\"@id\":\"https:\/\/paroisseaumalebraypicardie.fr\/#\/schema\/logo\/image\/\",\"url\":\"https:\/\/i1.wp.com\/paroisseaumalebraypicardie.fr\/wp-content\/uploads\/2020\/01\/img_1256_47985338107_o-scaled.jpg?fit=2560%2C1912\",\"contentUrl\":\"https:\/\/i1.wp.com\/paroisseaumalebraypicardie.fr\/wp-content\/uploads\/2020\/01\/img_1256_47985338107_o-scaled.jpg?fit=2560%2C1912\",\"width\":2560,\"height\":1912,\"caption\":\"Paroisse Aumale Bray Picardie\"},\"image\":{\"@id\":\"https:\/\/paroisseaumalebraypicardie.fr\/#\/schema\/logo\/image\/\"},\"sameAs\":[\"https:\/\/www.instagram.com\/paroisseaumalebp\/?hl=fr\",\"https:\/\/www.youtube.com\/channel\/UCdzO2T1JOuFy9b6jaJdSyaQ?view_as=subscriber\",\"https:\/\/www.facebook.com\/Paroisse-dAumale-1052241828150031\",\"https:\/\/twitter.com\/ParoisseABP\"]}]}<\/script>\n<!-- \/ Yoast SEO plugin. -->","yoast_head_json":{"title":"Des pri\u00e8res pour prier chez soi - Paroisse Aumale Bray Picardie.fr","description":"Site de la paroisse Aumale Bray Picardie - Dioc\u00e8se de Rouen Normandie - Retrouvez ici les horaires des messes, et toutes les informations li\u00e9es aux animations, l'histoire de notre Paroisse Etc...","robots":{"index":"index","follow":"follow","max-snippet":"max-snippet:-1","max-image-preview":"max-image-preview:large","max-video-preview":"max-video-preview:-1"},"canonical":"https:\/\/paroisseaumalebraypicardie.fr\/index.php\/des-prieres-pour-prier-chez-soi\/","og_locale":"fr_FR","og_type":"article","og_title":"Des pri\u00e8res pour prier chez soi - Paroisse Aumale Bray Picardie.fr","og_description":"Site de la paroisse Aumale Bray Picardie - Dioc\u00e8se de Rouen Normandie - Retrouvez ici les horaires des messes, et toutes les informations li\u00e9es aux animations, l'histoire de notre Paroisse Etc...","og_url":"https:\/\/paroisseaumalebraypicardie.fr\/index.php\/des-prieres-pour-prier-chez-soi\/","og_site_name":"Paroisse Aumale Bray Picardie.fr","article_publisher":"https:\/\/www.facebook.com\/Paroisse-dAumale-1052241828150031","article_modified_time":"2020-06-12T15:00:51+00:00","og_image":[{"width":281,"height":480,"url":"https:\/\/i0.wp.com\/paroisseaumalebraypicardie.fr\/wp-content\/uploads\/2020\/06\/church-4670590__480.jpg?fit=281%2C480&ssl=1","type":"image\/jpeg"}],"twitter_card":"summary_large_image","twitter_site":"@ParoisseABP","twitter_misc":{"Dur\u00e9e de lecture estim\u00e9e":"1 minute"},"schema":{"@context":"https:\/\/schema.org","@graph":[{"@type":"WebPage","@id":"https:\/\/paroisseaumalebraypicardie.fr\/index.php\/des-prieres-pour-prier-chez-soi\/","url":"https:\/\/paroisseaumalebraypicardie.fr\/index.php\/des-prieres-pour-prier-chez-soi\/","name":"Des pri\u00e8res pour prier chez soi - Paroisse Aumale Bray Picardie.fr","isPartOf":{"@id":"https:\/\/paroisseaumalebraypicardie.fr\/#website"},"datePublished":"2020-06-11T12:12:21+00:00","dateModified":"2020-06-12T15:00:51+00:00","description":"Site de la paroisse Aumale Bray Picardie - Dioc\u00e8se de Rouen Normandie - Retrouvez ici les horaires des messes, et toutes les informations li\u00e9es aux animations, l'histoire de notre Paroisse Etc...","breadcrumb":{"@id":"https:\/\/paroisseaumalebraypicardie.fr\/index.php\/des-prieres-pour-prier-chez-soi\/#breadcrumb"},"inLanguage":"fr-FR","potentialAction":[{"@type":"ReadAction","target":["https:\/\/paroisseaumalebraypicardie.fr\/index.php\/des-prieres-pour-prier-chez-soi\/"]}]},{"@type":"BreadcrumbList","@id":"https:\/\/paroisseaumalebraypicardie.fr\/index.php\/des-prieres-pour-prier-chez-soi\/#breadcrumb","itemListElement":[{"@type":"ListItem","position":1,"name":"Accueil","item":"https:\/\/paroisseaumalebraypicardie.fr\/"},{"@type":"ListItem","position":2,"name":"Des pri\u00e8res pour prier chez soi"}]},{"@type":"WebSite","@id":"https:\/\/paroisseaumalebraypicardie.fr\/#website","url":"https:\/\/paroisseaumalebraypicardie.fr\/","name":"Paroisse Aumale Bray Picardie.fr","description":"","publisher":{"@id":"https:\/\/paroisseaumalebraypicardie.fr\/#organization"},"potentialAction":[{"@type":"SearchAction","target":{"@type":"EntryPoint","urlTemplate":"https:\/\/paroisseaumalebraypicardie.fr\/?s={search_term_string}"},"query-input":"required name=search_term_string"}],"inLanguage":"fr-FR"},{"@type":"Organization","@id":"https:\/\/paroisseaumalebraypicardie.fr\/#organization","name":"Paroisse Aumale Bray Picardie","url":"https:\/\/paroisseaumalebraypicardie.fr\/","logo":{"@type":"ImageObject","inLanguage":"fr-FR","@id":"https:\/\/paroisseaumalebraypicardie.fr\/#\/schema\/logo\/image\/","url":"https:\/\/i1.wp.com\/paroisseaumalebraypicardie.fr\/wp-content\/uploads\/2020\/01\/img_1256_47985338107_o-scaled.jpg?fit=2560%2C1912","contentUrl":"https:\/\/i1.wp.com\/paroisseaumalebraypicardie.fr\/wp-content\/uploads\/2020\/01\/img_1256_47985338107_o-scaled.jpg?fit=2560%2C1912","width":2560,"height":1912,"caption":"Paroisse Aumale Bray Picardie"},"image":{"@id":"https:\/\/paroisseaumalebraypicardie.fr\/#\/schema\/logo\/image\/"},"sameAs":["https:\/\/www.instagram.com\/paroisseaumalebp\/?hl=fr","https:\/\/www.youtube.com\/channel\/UCdzO2T1JOuFy9b6jaJdSyaQ?view_as=subscriber","https:\/\/www.facebook.com\/Paroisse-dAumale-1052241828150031","https:\/\/twitter.com\/ParoisseABP"]}]}},"jetpack_sharing_enabled":true,"_links":{"self":[{"href":"https:\/\/paroisseaumalebraypicardie.fr\/index.php\/wp-json\/wp\/v2\/pages\/4915"}],"collection":[{"href":"https:\/\/paroisseaumalebraypicardie.fr\/index.php\/wp-json\/wp\/v2\/pages"}],"about":[{"href":"https:\/\/paroisseaumalebraypicardie.fr\/index.php\/wp-json\/wp\/v2\/types\/page"}],"author":[{"embeddable":true,"href":"https:\/\/paroisseaumalebraypicardie.fr\/index.php\/wp-json\/wp\/v2\/users\/1"}],"replies":[{"embeddable":true,"href":"https:\/\/paroisseaumalebraypicardie.fr\/index.php\/wp-json\/wp\/v2\/comments?post=4915"}],"version-history":[{"count":5,"href":"https:\/\/paroisseaumalebraypicardie.fr\/index.php\/wp-json\/wp\/v2\/pages\/4915\/revisions"}],"predecessor-version":[{"id":4998,"href":"https:\/\/paroisseaumalebraypicardie.fr\/index.php\/wp-json\/wp\/v2\/pages\/4915\/revisions\/4998"}],"wp:featuredmedia":[{"embeddable":true,"href":"https:\/\/paroisseaumalebraypicardie.fr\/index.php\/wp-json\/wp\/v2\/media\/4763"}],"wp:attachment":[{"href":"https:\/\/paroisseaumalebraypicardie.fr\/index.php\/wp-json\/wp\/v2\/media?parent=4915"}],"curies":[{"name":"wp","href":"https:\/\/api.w.org\/{rel}","templated":true}]}}